{"id":605,"date":"2024-12-01T16:17:38","date_gmt":"2024-12-01T16:17:38","guid":{"rendered":"https:\/\/www.greens-maps.ch\/?page_id=605"},"modified":"2024-12-11T06:00:47","modified_gmt":"2024-12-11T06:00:47","slug":"das-verfahren","status":"publish","type":"page","link":"https:\/\/www.greens-maps.ch\/?page_id=605&lang=de","title":{"rendered":"Das Verfahren"},"content":{"rendered":"\t\t<div data-elementor-type=\"wp-page\" data-elementor-id=\"605\" class=\"elementor elementor-605 elementor-234\">\n\t\t\t\t<div class=\"elementor-element elementor-element-7e1ec59 e-flex e-con-boxed e-con e-parent\" data-id=\"7e1ec59\" data-element_type=\"container\">\n\t\t\t\t\t<div class=\"e-con-inner\">\n\t\t\t\t<div class=\"elementor-element elementor-element-94863fd elementor-widget elementor-widget-heading\" data-id=\"94863fd\" data-element_type=\"widget\" data-widget_type=\"heading.default\">\n\t\t\t\t<div class=\"elementor-widget-container\">\n\t\t\t<h2 class=\"elementor-heading-title elementor-size-default\">Wie funktioniert das?<\/h2>\t\t<\/div>\n\t\t\t\t<\/div>\n\t\t\t\t<div class=\"elementor-element elementor-element-600d0f4 elementor-widget elementor-widget-spacer\" data-id=\"600d0f4\" data-element_type=\"widget\" data-widget_type=\"spacer.default\">\n\t\t\t\t<div class=\"elementor-widget-container\">\n\t\t\t\t\t<div class=\"elementor-spacer\">\n\t\t\t<div class=\"elementor-spacer-inner\"><\/div>\n\t\t<\/div>\n\t\t\t\t<\/div>\n\t\t\t\t<\/div>\n\t\t\t\t\t<\/div>\n\t\t\t\t<\/div>\n\t\t<div class=\"elementor-element elementor-element-aece7bf e-flex e-con-boxed e-con e-parent\" data-id=\"aece7bf\" data-element_type=\"container\">\n\t\t\t\t\t<div class=\"e-con-inner\">\n\t\t\t\t<div class=\"elementor-element elementor-element-53ab2ce elementor-widget elementor-widget-heading\" data-id=\"53ab2ce\" data-element_type=\"widget\" data-widget_type=\"heading.default\">\n\t\t\t\t<div class=\"elementor-widget-container\">\n\t\t\t<h2 class=\"elementor-heading-title elementor-size-default\">technologie LIDAR<\/h2>\t\t<\/div>\n\t\t\t\t<\/div>\n\t\t<div class=\"elementor-element elementor-element-edcf2ac e-grid e-con-full e-con e-child\" data-id=\"edcf2ac\" data-element_type=\"container\">\n\t\t\t\t<div class=\"elementor-element elementor-element-4ec57b0 elementor-widget elementor-widget-text-editor\" data-id=\"4ec57b0\" data-element_type=\"widget\" data-widget_type=\"text-editor.default\">\n\t\t\t\t<div class=\"elementor-widget-container\">\n\t\t\t\t\t\t\t<p>Die meisten nationalen Topografieinstitute haben ihre Gebiete mithilfe von Laserscannern digitalisiert und so eine Punktwolke erzeugt. Diese Datenart bietet zahlreiche Anwendungsm\u00f6glichkeiten, insbesondere in unserem Fall, um die detaillierten Merkmale der Greens zu extrahieren, die f\u00fcr Spielerinnen und Spieler von gro\u00dfem Interesse sind. <\/p>\n\t\t\t\t\t\t<\/div>\n\t\t\t\t<\/div>\n\t\t\t\t<div class=\"elementor-element elementor-element-10eaf73 elementor-widget elementor-widget-image\" data-id=\"10eaf73\" data-element_type=\"widget\" data-widget_type=\"image.default\">\n\t\t\t\t<div class=\"elementor-widget-container\">\n\t\t\t\t\t\t\t\t\t\t\t\t\t<img fetchpriority=\"high\" decoding=\"async\" width=\"800\" height=\"612\" src=\"https:\/\/www.greens-maps.ch\/wp-content\/uploads\/2024\/11\/e794cda421f5be81d6652bf492a8e9d19f6faccd6de09b06d7b12daf9231b692-e1732990661531-1024x783.png\" class=\"attachment-large size-large wp-image-84\" alt=\"\" srcset=\"https:\/\/www.greens-maps.ch\/wp-content\/uploads\/2024\/11\/e794cda421f5be81d6652bf492a8e9d19f6faccd6de09b06d7b12daf9231b692-e1732990661531-1024x783.png 1024w, https:\/\/www.greens-maps.ch\/wp-content\/uploads\/2024\/11\/e794cda421f5be81d6652bf492a8e9d19f6faccd6de09b06d7b12daf9231b692-e1732990661531-300x229.png 300w, https:\/\/www.greens-maps.ch\/wp-content\/uploads\/2024\/11\/e794cda421f5be81d6652bf492a8e9d19f6faccd6de09b06d7b12daf9231b692-e1732990661531-768x587.png 768w, https:\/\/www.greens-maps.ch\/wp-content\/uploads\/2024\/11\/e794cda421f5be81d6652bf492a8e9d19f6faccd6de09b06d7b12daf9231b692-e1732990661531.png 1323w\" sizes=\"(max-width: 800px) 100vw, 800px\" \/>\t\t\t\t\t\t\t\t\t\t\t\t\t<\/div>\n\t\t\t\t<\/div>\n\t\t\t\t<\/div>\n\t\t\t\t\t<\/div>\n\t\t\t\t<\/div>\n\t\t<div class=\"elementor-element elementor-element-4eb9cbe e-flex e-con-boxed e-con e-parent\" data-id=\"4eb9cbe\" data-element_type=\"container\">\n\t\t\t\t\t<div class=\"e-con-inner\">\n\t\t\t\t<div class=\"elementor-element elementor-element-b871515 elementor-widget elementor-widget-heading\" data-id=\"b871515\" data-element_type=\"widget\" data-widget_type=\"heading.default\">\n\t\t\t\t<div class=\"elementor-widget-container\">\n\t\t\t<h2 class=\"elementor-heading-title elementor-size-default\">Modellierung<\/h2>\t\t<\/div>\n\t\t\t\t<\/div>\n\t\t<div class=\"elementor-element elementor-element-1d6bd43 e-grid e-con-full e-con e-child\" data-id=\"1d6bd43\" data-element_type=\"container\">\n\t\t\t\t<div class=\"elementor-element elementor-element-ed68edc elementor-widget elementor-widget-image\" data-id=\"ed68edc\" data-element_type=\"widget\" data-widget_type=\"image.default\">\n\t\t\t\t<div class=\"elementor-widget-container\">\n\t\t\t\t\t\t\t\t\t\t\t\t\t<img decoding=\"async\" width=\"800\" height=\"457\" src=\"https:\/\/www.greens-maps.ch\/wp-content\/uploads\/2024\/12\/DALL\u00b7E-2024-12-02-15.38.12-A-realistic-and-conceptual-image-symbolizing-a-woman-outlining-the-contour-of-a-golf-green-on-a-satellite-image-displayed-on-a-computer-screen.-The-sc-1024x585.webp\" class=\"attachment-large size-large wp-image-258\" alt=\"\" srcset=\"https:\/\/www.greens-maps.ch\/wp-content\/uploads\/2024\/12\/DALL\u00b7E-2024-12-02-15.38.12-A-realistic-and-conceptual-image-symbolizing-a-woman-outlining-the-contour-of-a-golf-green-on-a-satellite-image-displayed-on-a-computer-screen.-The-sc-1024x585.webp 1024w, https:\/\/www.greens-maps.ch\/wp-content\/uploads\/2024\/12\/DALL\u00b7E-2024-12-02-15.38.12-A-realistic-and-conceptual-image-symbolizing-a-woman-outlining-the-contour-of-a-golf-green-on-a-satellite-image-displayed-on-a-computer-screen.-The-sc-300x171.webp 300w, https:\/\/www.greens-maps.ch\/wp-content\/uploads\/2024\/12\/DALL\u00b7E-2024-12-02-15.38.12-A-realistic-and-conceptual-image-symbolizing-a-woman-outlining-the-contour-of-a-golf-green-on-a-satellite-image-displayed-on-a-computer-screen.-The-sc-768x439.webp 768w, https:\/\/www.greens-maps.ch\/wp-content\/uploads\/2024\/12\/DALL\u00b7E-2024-12-02-15.38.12-A-realistic-and-conceptual-image-symbolizing-a-woman-outlining-the-contour-of-a-golf-green-on-a-satellite-image-displayed-on-a-computer-screen.-The-sc-1536x878.webp 1536w, https:\/\/www.greens-maps.ch\/wp-content\/uploads\/2024\/12\/DALL\u00b7E-2024-12-02-15.38.12-A-realistic-and-conceptual-image-symbolizing-a-woman-outlining-the-contour-of-a-golf-green-on-a-satellite-image-displayed-on-a-computer-screen.-The-sc.webp 1792w\" sizes=\"(max-width: 800px) 100vw, 800px\" \/>\t\t\t\t\t\t\t\t\t\t\t\t\t<\/div>\n\t\t\t\t<\/div>\n\t\t\t\t<div class=\"elementor-element elementor-element-8e44c2c elementor-widget elementor-widget-text-editor\" data-id=\"8e44c2c\" data-element_type=\"widget\" data-widget_type=\"text-editor.default\">\n\t\t\t\t<div class=\"elementor-widget-container\">\n\t\t\t\t\t\t\t<p style=\"font-weight: 400;\">Dank Geoinformationssystemen (GIS) in Kombination mit hochpr\u00e4zisen Luftbildern ist es m\u00f6glich, die verschiedenen Elemente eines Golfplatzes mit h\u00f6chster Genauigkeit zu modellieren. Dieser Ansatz erm\u00f6glicht es, die Daten aus der LIDAR-Technologie (Light Detection and Ranging) voll auszusch\u00f6pfen, die eine dreidimensionale Kartierung mit bemerkenswerter Pr\u00e4zision bietet. <\/p>\n<p style=\"font-weight: 400;\">GIS-Systeme erm\u00f6glichen die Integration, Visualisierung und Analyse dieser komplexen Daten, um wesentliche Informationen zu extrahieren. So k\u00f6nnen beispielsweise Reliefs, Neigungen und die Subtilit\u00e4ten der Greens mit beeindruckender Genauigkeit rekonstruiert werden.  <\/p>\n<p style=\"font-weight: 400;\">Diese digitalen Modelle er\u00f6ffnen vielf\u00e4ltige Anwendungsm\u00f6glichkeiten, von der Verwaltung der Infrastruktur des Golfplatzes bis hin zur Optimierung der Karten f\u00fcr Spielerinnen und Spieler. Durch die Kombination von LIDAR-Daten mit GIS-Werkzeugen steht eine moderne und effektive L\u00f6sung zur Verf\u00fcgung, um Golfpl\u00e4tze aufzuwerten, sei es durch grafische Darstellung oder strategische Analyse, um das Golferlebnis zu bereichern.<\/p>\n\t\t\t\t\t\t<\/div>\n\t\t\t\t<\/div>\n\t\t\t\t<\/div>\n\t\t\t\t<div class=\"elementor-element elementor-element-7b1315e elementor-widget elementor-widget-heading\" data-id=\"7b1315e\" data-element_type=\"widget\" data-widget_type=\"heading.default\">\n\t\t\t\t<div class=\"elementor-widget-container\">\n\t\t\t<h2 class=\"elementor-heading-title elementor-size-default\">Datenverarbeitung<\/h2>\t\t<\/div>\n\t\t\t\t<\/div>\n\t\t<div class=\"elementor-element elementor-element-d8817a0 e-grid e-con-full e-con e-child\" data-id=\"d8817a0\" data-element_type=\"container\">\n\t\t\t\t<div class=\"elementor-element elementor-element-2ee8975 elementor-widget elementor-widget-text-editor\" data-id=\"2ee8975\" data-element_type=\"widget\" data-widget_type=\"text-editor.default\">\n\t\t\t\t<div class=\"elementor-widget-container\">\n\t\t\t\t\t\t\t<p style=\"font-weight: 400;\">Mit fortschrittlichen Algorithmen ist es m\u00f6glich, Rohdaten in pr\u00e4zise Geodaten-Schichten umzuwandeln, die jeweils spezifische Eigenschaften des Gel\u00e4ndes darstellen. Diese Schichten k\u00f6nnen Elemente wie Reliefs, Neigungen, H\u00f6henlinien oder auch Entw\u00e4sserungsrichtungen umfassen. <\/p>\n<p style=\"font-weight: 400;\">Dieser Ansatz erm\u00f6glicht die Erstellung von Green-Karten mit au\u00dfergew\u00f6hnlicher Pr\u00e4zision, basierend auf zuverl\u00e4ssigen und wissenschaftlich fundierten Daten. Im Gegensatz zu traditionellen Methoden nutzen diese Algorithmen gro\u00dfe Datenmengen, um detaillierte Darstellungen zu erzeugen, Ungenauigkeiten zu eliminieren und optimale Genauigkeit zu gew\u00e4hrleisten. <\/p>\n<p style=\"font-weight: 400;\">Diese Karten bieten Golferinnen und Golfer eine klare und n\u00fctzliche Darstellung der Subtilit\u00e4ten des Gel\u00e4ndes und verbessern so ihr Spielerlebnis. Gleichzeitig dienen sie den Greenkeeper als strategisches Werkzeug, um ihre Infrastruktur aufzuwerten und sich als Qualit\u00e4tsf\u00fchrer zu positionieren. <\/p>\n\t\t\t\t\t\t<\/div>\n\t\t\t\t<\/div>\n\t\t\t\t<div class=\"elementor-element elementor-element-201b365 elementor-widget elementor-widget-image\" data-id=\"201b365\" data-element_type=\"widget\" data-widget_type=\"image.default\">\n\t\t\t\t<div class=\"elementor-widget-container\">\n\t\t\t\t\t\t\t\t\t\t\t\t\t<img decoding=\"async\" width=\"800\" height=\"457\" src=\"https:\/\/www.greens-maps.ch\/wp-content\/uploads\/2024\/12\/DALL\u00b7E-2024-12-02-15.37.57-A-conceptual-and-visually-striking-image-symbolizing-the-processing-of-LIDAR-and-geographic-data-to-create-a-detailed-map-of-a-golf-green.-The-scene-i-1024x585.webp\" class=\"attachment-large size-large wp-image-260\" alt=\"\" srcset=\"https:\/\/www.greens-maps.ch\/wp-content\/uploads\/2024\/12\/DALL\u00b7E-2024-12-02-15.37.57-A-conceptual-and-visually-striking-image-symbolizing-the-processing-of-LIDAR-and-geographic-data-to-create-a-detailed-map-of-a-golf-green.-The-scene-i-1024x585.webp 1024w, https:\/\/www.greens-maps.ch\/wp-content\/uploads\/2024\/12\/DALL\u00b7E-2024-12-02-15.37.57-A-conceptual-and-visually-striking-image-symbolizing-the-processing-of-LIDAR-and-geographic-data-to-create-a-detailed-map-of-a-golf-green.-The-scene-i-300x171.webp 300w, https:\/\/www.greens-maps.ch\/wp-content\/uploads\/2024\/12\/DALL\u00b7E-2024-12-02-15.37.57-A-conceptual-and-visually-striking-image-symbolizing-the-processing-of-LIDAR-and-geographic-data-to-create-a-detailed-map-of-a-golf-green.-The-scene-i-768x439.webp 768w, https:\/\/www.greens-maps.ch\/wp-content\/uploads\/2024\/12\/DALL\u00b7E-2024-12-02-15.37.57-A-conceptual-and-visually-striking-image-symbolizing-the-processing-of-LIDAR-and-geographic-data-to-create-a-detailed-map-of-a-golf-green.-The-scene-i-1536x878.webp 1536w, https:\/\/www.greens-maps.ch\/wp-content\/uploads\/2024\/12\/DALL\u00b7E-2024-12-02-15.37.57-A-conceptual-and-visually-striking-image-symbolizing-the-processing-of-LIDAR-and-geographic-data-to-create-a-detailed-map-of-a-golf-green.-The-scene-i.webp 1792w\" sizes=\"(max-width: 800px) 100vw, 800px\" \/>\t\t\t\t\t\t\t\t\t\t\t\t\t<\/div>\n\t\t\t\t<\/div>\n\t\t\t\t<\/div>\n\t\t\t\t\t<\/div>\n\t\t\t\t<\/div>\n\t\t<div class=\"elementor-element elementor-element-3015b18 e-flex e-con-boxed e-con e-parent\" data-id=\"3015b18\" data-element_type=\"container\">\n\t\t\t\t\t<div class=\"e-con-inner\">\n\t\t\t\t<div class=\"elementor-element elementor-element-10074d1 elementor-widget elementor-widget-heading\" data-id=\"10074d1\" data-element_type=\"widget\" data-widget_type=\"heading.default\">\n\t\t\t\t<div class=\"elementor-widget-container\">\n\t\t\t<h2 class=\"elementor-heading-title elementor-size-default\">Ergebnis<\/h2>\t\t<\/div>\n\t\t\t\t<\/div>\n\t\t<div class=\"elementor-element elementor-element-b2be721 e-grid e-con-full e-con e-child\" data-id=\"b2be721\" data-element_type=\"container\">\n\t\t\t\t<div class=\"elementor-element elementor-element-e110dcc elementor-widget elementor-widget-text-editor\" data-id=\"e110dcc\" data-element_type=\"widget\" data-widget_type=\"text-editor.default\">\n\t\t\t\t<div class=\"elementor-widget-container\">\n\t\t\t\t\t\t\t<p>Der Green wird durch 3 \u201estapelbare\u201c Schichten dargestellt:<\/p>\n<ul>\n<li>Relief<\/li>\n<li>H\u00f6henlinien<\/li>\n<li>Neigungsrichtungen<\/li>\n<\/ul>\n<div>Jede Schicht ist in Bezug auf Farben, Strichst\u00e4rken und Informationsdichte individuell ausw\u00e4hlbar.<\/div>\n\t\t\t\t\t\t<\/div>\n\t\t\t\t<\/div>\n\t\t\t\t<div class=\"elementor-element elementor-element-e78c256 elementor-widget elementor-widget-image-carousel\" data-id=\"e78c256\" data-element_type=\"widget\" data-settings=\"{&quot;slides_to_show&quot;:&quot;1&quot;,&quot;navigation&quot;:&quot;none&quot;,&quot;autoplay_speed&quot;:2000,&quot;speed&quot;:250,&quot;autoplay&quot;:&quot;yes&quot;,&quot;pause_on_hover&quot;:&quot;yes&quot;,&quot;pause_on_interaction&quot;:&quot;yes&quot;,&quot;infinite&quot;:&quot;yes&quot;,&quot;effect&quot;:&quot;slide&quot;}\" data-widget_type=\"image-carousel.default\">\n\t\t\t\t<div class=\"elementor-widget-container\">\n\t\t\t\t\t<div class=\"elementor-image-carousel-wrapper swiper\" dir=\"ltr\">\n\t\t\t<div class=\"elementor-image-carousel swiper-wrapper\" aria-live=\"off\">\n\t\t\t\t\t\t\t\t<div class=\"swiper-slide\" role=\"group\" aria-roledescription=\"slide\" aria-label=\"1 of 4\"><figure class=\"swiper-slide-inner\"><img decoding=\"async\" class=\"swiper-slide-image\" src=\"https:\/\/www.greens-maps.ch\/wp-content\/uploads\/2024\/12\/g_15_relief-e1733033873477-265x300.png\" alt=\"Relief de green\" \/><\/figure><\/div><div class=\"swiper-slide\" role=\"group\" aria-roledescription=\"slide\" aria-label=\"2 of 4\"><figure class=\"swiper-slide-inner\"><img decoding=\"async\" class=\"swiper-slide-image\" src=\"https:\/\/www.greens-maps.ch\/wp-content\/uploads\/2024\/12\/g_15_isolines-e1733033910200-269x300.png\" alt=\"Lignes de niveau\" \/><\/figure><\/div><div class=\"swiper-slide\" role=\"group\" aria-roledescription=\"slide\" aria-label=\"3 of 4\"><figure class=\"swiper-slide-inner\"><img decoding=\"async\" class=\"swiper-slide-image\" src=\"https:\/\/www.greens-maps.ch\/wp-content\/uploads\/2024\/12\/g_15_arrowsslope-e1733033941598-266x300.png\" alt=\"Fl\u00e8ches de pente\" \/><\/figure><\/div><div class=\"swiper-slide\" role=\"group\" aria-roledescription=\"slide\" aria-label=\"4 of 4\"><figure class=\"swiper-slide-inner\"><img decoding=\"async\" class=\"swiper-slide-image\" src=\"https:\/\/www.greens-maps.ch\/wp-content\/uploads\/2024\/12\/g_15_without_ortho-e1733033828824-267x300.png\" alt=\"Carte compl\u00e8te\" \/><\/figure><\/div>\t\t\t<\/div>\n\t\t\t\t\t\t\t\n\t\t\t\t\t\t\t\t\t<\/div>\n\t\t\t\t<\/div>\n\t\t\t\t<\/div>\n\t\t\t\t<\/div>\n\t\t\t\t\t<\/div>\n\t\t\t\t<\/div>\n\t\t<div class=\"elementor-element elementor-element-a8ae361 e-flex e-con-boxed e-con e-parent\" data-id=\"a8ae361\" data-element_type=\"container\">\n\t\t\t\t\t<div class=\"e-con-inner\">\n\t\t\t\t<div class=\"elementor-element elementor-element-aa588ad elementor-widget elementor-widget-spacer\" data-id=\"aa588ad\" data-element_type=\"widget\" data-widget_type=\"spacer.default\">\n\t\t\t\t<div class=\"elementor-widget-container\">\n\t\t\t\t\t<div class=\"elementor-spacer\">\n\t\t\t<div class=\"elementor-spacer-inner\"><\/div>\n\t\t<\/div>\n\t\t\t\t<\/div>\n\t\t\t\t<\/div>\n\t\t\t\t<div class=\"elementor-element elementor-element-bb07f39 elementor-widget elementor-widget-text-editor\" data-id=\"bb07f39\" data-element_type=\"widget\" data-widget_type=\"text-editor.default\">\n\t\t\t\t<div class=\"elementor-widget-container\">\n\t\t\t\t\t\t\t<p><a href=\"https:\/\/www.greens-maps.ch\/?page_id=580&#038;lang=de\"><strong>Wie kann ich Karten f\u00fcr meinen Golfclub erhalten?<\/strong><\/a><\/p>\n\t\t\t\t\t\t<\/div>\n\t\t\t\t<\/div>\n\t\t\t\t<div class=\"elementor-element elementor-element-4eaa5dd elementor-widget elementor-widget-heading\" data-id=\"4eaa5dd\" data-element_type=\"widget\" data-widget_type=\"heading.default\">\n\t\t\t\t<div class=\"elementor-widget-container\">\n\t\t\t<h2 class=\"elementor-heading-title elementor-size-default\">Die erstellte Karte kann wieder in die Luftbilder eingef\u00fcgt werden.<\/h2>\t\t<\/div>\n\t\t\t\t<\/div>\n\t\t\t\t<div class=\"elementor-element elementor-element-63aa643 elementor-widget elementor-widget-image\" data-id=\"63aa643\" data-element_type=\"widget\" data-widget_type=\"image.default\">\n\t\t\t\t<div class=\"elementor-widget-container\">\n\t\t\t\t\t\t\t\t\t\t\t\t\t<img loading=\"lazy\" decoding=\"async\" width=\"800\" height=\"897\" src=\"https:\/\/www.greens-maps.ch\/wp-content\/uploads\/2024\/12\/Sans-titre-913x1024.png\" class=\"attachment-large size-large wp-image-114\" alt=\"\" srcset=\"https:\/\/www.greens-maps.ch\/wp-content\/uploads\/2024\/12\/Sans-titre-913x1024.png 913w, https:\/\/www.greens-maps.ch\/wp-content\/uploads\/2024\/12\/Sans-titre-268x300.png 268w, https:\/\/www.greens-maps.ch\/wp-content\/uploads\/2024\/12\/Sans-titre-768x861.png 768w, https:\/\/www.greens-maps.ch\/wp-content\/uploads\/2024\/12\/Sans-titre.png 966w\" sizes=\"(max-width: 800px) 100vw, 800px\" \/>\t\t\t\t\t\t\t\t\t\t\t\t\t<\/div>\n\t\t\t\t<\/div>\n\t\t\t\t\t<\/div>\n\t\t\t\t<\/div>\n\t\t\t\t<\/div>\n\t\t","protected":false},"excerpt":{"rendered":"<p>Wie funktioniert das? technologie LIDAR Die meisten nationalen Topografieinstitute haben ihre Gebiete mithilfe von Laserscannern digitalisiert und so eine Punktwolke erzeugt. Diese Datenart bietet zahlreiche Anwendungsm\u00f6glichkeiten, insbesondere in unserem Fall, um die detaillierten Merkmale der Greens zu extrahieren, die f\u00fcr Spielerinnen und Spieler von gro\u00dfem Interesse sind. Modellierung Dank Geoinformationssystemen (GIS) in Kombination mit hochpr\u00e4zisen [&hellip;]<\/p>\n","protected":false},"author":1,"featured_media":0,"parent":0,"menu_order":0,"comment_status":"closed","ping_status":"closed","template":"","meta":{"footnotes":""},"class_list":["post-605","page","type-page","status-publish","hentry"],"_links":{"self":[{"href":"https:\/\/www.greens-maps.ch\/index.php?rest_route=\/wp\/v2\/pages\/605","targetHints":{"allow":["GET"]}}],"collection":[{"href":"https:\/\/www.greens-maps.ch\/index.php?rest_route=\/wp\/v2\/pages"}],"about":[{"href":"https:\/\/www.greens-maps.ch\/index.php?rest_route=\/wp\/v2\/types\/page"}],"author":[{"embeddable":true,"href":"https:\/\/www.greens-maps.ch\/index.php?rest_route=\/wp\/v2\/users\/1"}],"replies":[{"embeddable":true,"href":"https:\/\/www.greens-maps.ch\/index.php?rest_route=%2Fwp%2Fv2%2Fcomments&post=605"}],"version-history":[{"count":2,"href":"https:\/\/www.greens-maps.ch\/index.php?rest_route=\/wp\/v2\/pages\/605\/revisions"}],"predecessor-version":[{"id":610,"href":"https:\/\/www.greens-maps.ch\/index.php?rest_route=\/wp\/v2\/pages\/605\/revisions\/610"}],"wp:attachment":[{"href":"https:\/\/www.greens-maps.ch\/index.php?rest_route=%2Fwp%2Fv2%2Fmedia&parent=605"}],"curies":[{"name":"wp","href":"https:\/\/api.w.org\/{rel}","templated":true}]}}