{"id":580,"date":"2024-12-03T06:01:20","date_gmt":"2024-12-03T06:01:20","guid":{"rendered":"https:\/\/www.greens-maps.ch\/?page_id=580"},"modified":"2024-12-11T05:38:48","modified_gmt":"2024-12-11T05:38:48","slug":"das-produkt","status":"publish","type":"page","link":"https:\/\/www.greens-maps.ch\/?page_id=580&lang=de","title":{"rendered":"Das Produkt"},"content":{"rendered":"\t\t<div data-elementor-type=\"wp-page\" data-elementor-id=\"580\" class=\"elementor elementor-580 elementor-294\">\n\t\t\t\t<div class=\"elementor-element elementor-element-3bcb824 e-flex e-con-boxed e-con e-parent\" data-id=\"3bcb824\" data-element_type=\"container\">\n\t\t\t\t\t<div class=\"e-con-inner\">\n\t\t\t\t<div class=\"elementor-element elementor-element-7880e6b elementor-widget elementor-widget-heading\" data-id=\"7880e6b\" data-element_type=\"widget\" data-widget_type=\"heading.default\">\n\t\t\t\t<div class=\"elementor-widget-container\">\n\t\t\t<h2 class=\"elementor-heading-title elementor-size-default\">Projektphasen<\/h2>\t\t<\/div>\n\t\t\t\t<\/div>\n\t\t<div class=\"elementor-element elementor-element-b3d9e35 e-grid e-con-full e-con e-child\" data-id=\"b3d9e35\" data-element_type=\"container\">\n\t\t\t\t<div class=\"elementor-element elementor-element-331c1ed elementor-widget elementor-widget-image\" data-id=\"331c1ed\" data-element_type=\"widget\" data-widget_type=\"image.default\">\n\t\t\t\t<div class=\"elementor-widget-container\">\n\t\t\t\t\t\t\t\t\t\t\t\t\t<img fetchpriority=\"high\" decoding=\"async\" width=\"800\" height=\"457\" src=\"https:\/\/www.greens-maps.ch\/wp-content\/uploads\/2024\/12\/DALL\u00b7E-2024-12-03-08.25.52-A-realistic-scene-of-a-meeting-taking-place-in-a-vintage-style-conference-room-at-a-golf-club.-The-room-features-an-older-classic-look-with-wooden-pa-1024x585.webp\" class=\"attachment-large size-large wp-image-321\" alt=\"\" srcset=\"https:\/\/www.greens-maps.ch\/wp-content\/uploads\/2024\/12\/DALL\u00b7E-2024-12-03-08.25.52-A-realistic-scene-of-a-meeting-taking-place-in-a-vintage-style-conference-room-at-a-golf-club.-The-room-features-an-older-classic-look-with-wooden-pa-1024x585.webp 1024w, https:\/\/www.greens-maps.ch\/wp-content\/uploads\/2024\/12\/DALL\u00b7E-2024-12-03-08.25.52-A-realistic-scene-of-a-meeting-taking-place-in-a-vintage-style-conference-room-at-a-golf-club.-The-room-features-an-older-classic-look-with-wooden-pa-300x171.webp 300w, https:\/\/www.greens-maps.ch\/wp-content\/uploads\/2024\/12\/DALL\u00b7E-2024-12-03-08.25.52-A-realistic-scene-of-a-meeting-taking-place-in-a-vintage-style-conference-room-at-a-golf-club.-The-room-features-an-older-classic-look-with-wooden-pa-768x439.webp 768w, https:\/\/www.greens-maps.ch\/wp-content\/uploads\/2024\/12\/DALL\u00b7E-2024-12-03-08.25.52-A-realistic-scene-of-a-meeting-taking-place-in-a-vintage-style-conference-room-at-a-golf-club.-The-room-features-an-older-classic-look-with-wooden-pa-1536x878.webp 1536w, https:\/\/www.greens-maps.ch\/wp-content\/uploads\/2024\/12\/DALL\u00b7E-2024-12-03-08.25.52-A-realistic-scene-of-a-meeting-taking-place-in-a-vintage-style-conference-room-at-a-golf-club.-The-room-features-an-older-classic-look-with-wooden-pa.webp 1792w\" sizes=\"(max-width: 800px) 100vw, 800px\" \/>\t\t\t\t\t\t\t\t\t\t\t\t\t<\/div>\n\t\t\t\t<\/div>\n\t\t\t\t<div class=\"elementor-element elementor-element-fbba5aa elementor-widget elementor-widget-text-editor\" data-id=\"fbba5aa\" data-element_type=\"widget\" data-widget_type=\"text-editor.default\">\n\t\t\t\t<div class=\"elementor-widget-container\">\n\t\t\t\t\t\t\t<p>Sobald die gesch\u00e4ftliche Phase zur Zufriedenheit aller Beteiligten abgeschlossen ist, kann das Projekt gestartet werden.<\/p>\n<p>Der erste Schritt besteht darin, gemeinsam die grafischen Merkmale der topografischen Schichten zu definieren, einschlie\u00dflich ihres Stils und der Dichte der darzustellenden Elemente.<\/p>\n<p>Nachdem diese Parameter festgelegt wurden, kann die Datenverarbeitungsphase beginnen.<\/p>\n<p>Abh\u00e4ngig von den erzielten Ergebnissen, insbesondere in Bezug auf die Dichte der Elemente, kann eine weitere Phase der Datenanpassung durchgef\u00fchrt werden, um das Ergebnis zu verfeinern.<\/p>\n<p>Abschlie\u00dfend verf\u00fcgt der Kunde \u00fcber die erforderlichen Werkzeuge, um die grafischen Elemente selbstst\u00e4ndig anzupassen und die Karten im gew\u00fcnschten Format zu erstellen.<\/p>\n\t\t\t\t\t\t<\/div>\n\t\t\t\t<\/div>\n\t\t\t\t<\/div>\n\t\t\t\t\t<\/div>\n\t\t\t\t<\/div>\n\t\t<div class=\"elementor-element elementor-element-ca79c2d e-flex e-con-boxed e-con e-parent\" data-id=\"ca79c2d\" data-element_type=\"container\">\n\t\t\t\t\t<div class=\"e-con-inner\">\n\t\t\t\t<div class=\"elementor-element elementor-element-a154121 elementor-widget elementor-widget-heading\" data-id=\"a154121\" data-element_type=\"widget\" data-widget_type=\"heading.default\">\n\t\t\t\t<div class=\"elementor-widget-container\">\n\t\t\t<h2 class=\"elementor-heading-title elementor-size-default\">Lieferumfang<\/h2>\t\t<\/div>\n\t\t\t\t<\/div>\n\t\t<div class=\"elementor-element elementor-element-d7a93e9 e-grid e-con-full e-con e-child\" data-id=\"d7a93e9\" data-element_type=\"container\">\n\t\t\t\t<div class=\"elementor-element elementor-element-7f401ec elementor-widget elementor-widget-text-editor\" data-id=\"7f401ec\" data-element_type=\"widget\" data-widget_type=\"text-editor.default\">\n\t\t\t\t<div class=\"elementor-widget-container\">\n\t\t\t\t\t\t\t<p><strong>Der Kunde wird erhalten:<\/strong><\/p>\n<ul>\n<li>Eine hochaufl\u00f6sbare Bilddatei (300 dpi) f\u00fcr jeden Green.<\/li>\n<li>Dateien der verschiedenen topografischen Schichten (Relief, H\u00f6henlinien, Neigungsrichtungen) f\u00fcr jeden Green.<\/li>\n<li>Ein vollst\u00e4ndiges Verzeichnis mit allen erforderlichen Dateien, um die grafischen Merkmale der Schichten mithilfe der kostenlosen Software <a href=\"https:\/\/www.qgis.org\/\" target=\"_blank\" rel=\"noopener\">QGIS<\/a> individuell anzupassen.<\/li>\n<li>Eine kurze Schulung zur Nutzung von QGIS f\u00fcr eine schnelle und effiziente Einarbeitung.<\/li>\n<li> <\/li>\n<\/ul>\n\t\t\t\t\t\t<\/div>\n\t\t\t\t<\/div>\n\t\t\t\t<div class=\"elementor-element elementor-element-4deb534 elementor-widget elementor-widget-image\" data-id=\"4deb534\" data-element_type=\"widget\" data-widget_type=\"image.default\">\n\t\t\t\t<div class=\"elementor-widget-container\">\n\t\t\t\t\t\t\t\t\t\t\t\t\t<img decoding=\"async\" width=\"800\" height=\"457\" src=\"https:\/\/www.greens-maps.ch\/wp-content\/uploads\/2024\/12\/DALL\u00b7E-2024-12-03-07.20.20-A-realistic-scene-depicting-a-user-working-with-the-QGIS-software-to-visualize-a-map-of-golf-greens-on-a-computer-screen.-The-environment-is-styled-li-1024x585.webp\" class=\"attachment-large size-large wp-image-309\" alt=\"\" srcset=\"https:\/\/www.greens-maps.ch\/wp-content\/uploads\/2024\/12\/DALL\u00b7E-2024-12-03-07.20.20-A-realistic-scene-depicting-a-user-working-with-the-QGIS-software-to-visualize-a-map-of-golf-greens-on-a-computer-screen.-The-environment-is-styled-li-1024x585.webp 1024w, https:\/\/www.greens-maps.ch\/wp-content\/uploads\/2024\/12\/DALL\u00b7E-2024-12-03-07.20.20-A-realistic-scene-depicting-a-user-working-with-the-QGIS-software-to-visualize-a-map-of-golf-greens-on-a-computer-screen.-The-environment-is-styled-li-300x171.webp 300w, https:\/\/www.greens-maps.ch\/wp-content\/uploads\/2024\/12\/DALL\u00b7E-2024-12-03-07.20.20-A-realistic-scene-depicting-a-user-working-with-the-QGIS-software-to-visualize-a-map-of-golf-greens-on-a-computer-screen.-The-environment-is-styled-li-768x439.webp 768w, https:\/\/www.greens-maps.ch\/wp-content\/uploads\/2024\/12\/DALL\u00b7E-2024-12-03-07.20.20-A-realistic-scene-depicting-a-user-working-with-the-QGIS-software-to-visualize-a-map-of-golf-greens-on-a-computer-screen.-The-environment-is-styled-li-1536x878.webp 1536w, https:\/\/www.greens-maps.ch\/wp-content\/uploads\/2024\/12\/DALL\u00b7E-2024-12-03-07.20.20-A-realistic-scene-depicting-a-user-working-with-the-QGIS-software-to-visualize-a-map-of-golf-greens-on-a-computer-screen.-The-environment-is-styled-li.webp 1792w\" sizes=\"(max-width: 800px) 100vw, 800px\" \/>\t\t\t\t\t\t\t\t\t\t\t\t\t<\/div>\n\t\t\t\t<\/div>\n\t\t\t\t<\/div>\n\t\t\t\t\t<\/div>\n\t\t\t\t<\/div>\n\t\t<div class=\"elementor-element elementor-element-3385fcb e-flex e-con-boxed e-con e-parent\" data-id=\"3385fcb\" data-element_type=\"container\">\n\t\t\t\t\t<div class=\"e-con-inner\">\n\t\t\t\t<div class=\"elementor-element elementor-element-29dfaa4 elementor-widget elementor-widget-heading\" data-id=\"29dfaa4\" data-element_type=\"widget\" data-widget_type=\"heading.default\">\n\t\t\t\t<div class=\"elementor-widget-container\">\n\t\t\t<h2 class=\"elementor-heading-title elementor-size-default\">Produktoptionen<\/h2>\t\t<\/div>\n\t\t\t\t<\/div>\n\t\t<div class=\"elementor-element elementor-element-5b3568f e-grid e-con-full e-con e-child\" data-id=\"5b3568f\" data-element_type=\"container\">\n\t\t\t\t<div class=\"elementor-element elementor-element-8eece6e elementor-widget elementor-widget-image\" data-id=\"8eece6e\" data-element_type=\"widget\" data-widget_type=\"image.default\">\n\t\t\t\t<div class=\"elementor-widget-container\">\n\t\t\t\t\t\t\t\t\t\t\t\t\t<img decoding=\"async\" width=\"800\" height=\"457\" src=\"https:\/\/www.greens-maps.ch\/wp-content\/uploads\/2024\/12\/DALL\u00b7E-2024-12-03-09.47.08-A-conceptual-image-representing-the-features-of-a-green-mapping-product.-The-image-shows-a-split-screen-design_-one-side-depicts-user-support-with-an--1024x585.webp\" class=\"attachment-large size-large wp-image-329\" alt=\"\" srcset=\"https:\/\/www.greens-maps.ch\/wp-content\/uploads\/2024\/12\/DALL\u00b7E-2024-12-03-09.47.08-A-conceptual-image-representing-the-features-of-a-green-mapping-product.-The-image-shows-a-split-screen-design_-one-side-depicts-user-support-with-an--1024x585.webp 1024w, https:\/\/www.greens-maps.ch\/wp-content\/uploads\/2024\/12\/DALL\u00b7E-2024-12-03-09.47.08-A-conceptual-image-representing-the-features-of-a-green-mapping-product.-The-image-shows-a-split-screen-design_-one-side-depicts-user-support-with-an--300x171.webp 300w, https:\/\/www.greens-maps.ch\/wp-content\/uploads\/2024\/12\/DALL\u00b7E-2024-12-03-09.47.08-A-conceptual-image-representing-the-features-of-a-green-mapping-product.-The-image-shows-a-split-screen-design_-one-side-depicts-user-support-with-an--768x439.webp 768w, https:\/\/www.greens-maps.ch\/wp-content\/uploads\/2024\/12\/DALL\u00b7E-2024-12-03-09.47.08-A-conceptual-image-representing-the-features-of-a-green-mapping-product.-The-image-shows-a-split-screen-design_-one-side-depicts-user-support-with-an--1536x878.webp 1536w, https:\/\/www.greens-maps.ch\/wp-content\/uploads\/2024\/12\/DALL\u00b7E-2024-12-03-09.47.08-A-conceptual-image-representing-the-features-of-a-green-mapping-product.-The-image-shows-a-split-screen-design_-one-side-depicts-user-support-with-an-.webp 1792w\" sizes=\"(max-width: 800px) 100vw, 800px\" \/>\t\t\t\t\t\t\t\t\t\t\t\t\t<\/div>\n\t\t\t\t<\/div>\n\t\t\t\t<div class=\"elementor-element elementor-element-34363f8 elementor-widget elementor-widget-text-editor\" data-id=\"34363f8\" data-element_type=\"widget\" data-widget_type=\"text-editor.default\">\n\t\t\t\t<div class=\"elementor-widget-container\">\n\t\t\t\t\t\t\t<ul>\n<li>Der Kunde kann die Konturen der Greens selbst definieren, um Kosten zu sparen.<\/li>\n<li>Wenn sich das Relief eines oder mehrerer Greens seit der letzten LIDAR-Vermessung ver\u00e4ndert hat, muss ein neuer Scan durchgef\u00fchrt werden.<\/li>\n<li>Hilfe bei der \u00c4nderung von Grafiken nach der urspr\u00fcnglichen Lieferung.<\/li>\n<\/ul>\n\t\t\t\t\t\t<\/div>\n\t\t\t\t<\/div>\n\t\t\t\t<\/div>\n\t\t\t\t\t<\/div>\n\t\t\t\t<\/div>\n\t\t<div class=\"elementor-element elementor-element-e0deedb e-flex e-con-boxed e-con e-parent\" data-id=\"e0deedb\" data-element_type=\"container\">\n\t\t\t\t\t<div class=\"e-con-inner\">\n\t\t\t\t<div class=\"elementor-element elementor-element-174c2d2 elementor-widget elementor-widget-spacer\" data-id=\"174c2d2\" data-element_type=\"widget\" data-widget_type=\"spacer.default\">\n\t\t\t\t<div class=\"elementor-widget-container\">\n\t\t\t\t\t<div class=\"elementor-spacer\">\n\t\t\t<div class=\"elementor-spacer-inner\"><\/div>\n\t\t<\/div>\n\t\t\t\t<\/div>\n\t\t\t\t<\/div>\n\t\t\t\t<div class=\"elementor-element elementor-element-f7ec7f5 elementor-widget elementor-widget-text-editor\" data-id=\"f7ec7f5\" data-element_type=\"widget\" data-widget_type=\"text-editor.default\">\n\t\t\t\t<div class=\"elementor-widget-container\">\n\t\t\t\t\t\t\t<p><strong><a href=\"https:\/\/www.greens-maps.ch\/?page_id=559&#038;lang=de\">Was ist mein Golfclub wert?<\/a><\/strong><\/p>\n\t\t\t\t\t\t<\/div>\n\t\t\t\t<\/div>\n\t\t\t\t\t<\/div>\n\t\t\t\t<\/div>\n\t\t\t\t<\/div>\n\t\t","protected":false},"excerpt":{"rendered":"<p>Projektphasen Sobald die gesch\u00e4ftliche Phase zur Zufriedenheit aller Beteiligten abgeschlossen ist, kann das Projekt gestartet werden. Der erste Schritt besteht darin, gemeinsam die grafischen Merkmale der topografischen Schichten zu definieren, einschlie\u00dflich ihres Stils und der Dichte der darzustellenden Elemente. Nachdem diese Parameter festgelegt wurden, kann die Datenverarbeitungsphase beginnen. Abh\u00e4ngig von den erzielten Ergebnissen, insbesondere in [&hellip;]<\/p>\n","protected":false},"author":1,"featured_media":0,"parent":0,"menu_order":0,"comment_status":"closed","ping_status":"closed","template":"","meta":{"footnotes":""},"class_list":["post-580","page","type-page","status-publish","hentry"],"_links":{"self":[{"href":"https:\/\/www.greens-maps.ch\/index.php?rest_route=\/wp\/v2\/pages\/580","targetHints":{"allow":["GET"]}}],"collection":[{"href":"https:\/\/www.greens-maps.ch\/index.php?rest_route=\/wp\/v2\/pages"}],"about":[{"href":"https:\/\/www.greens-maps.ch\/index.php?rest_route=\/wp\/v2\/types\/page"}],"author":[{"embeddable":true,"href":"https:\/\/www.greens-maps.ch\/index.php?rest_route=\/wp\/v2\/users\/1"}],"replies":[{"embeddable":true,"href":"https:\/\/www.greens-maps.ch\/index.php?rest_route=%2Fwp%2Fv2%2Fcomments&post=580"}],"version-history":[{"count":6,"href":"https:\/\/www.greens-maps.ch\/index.php?rest_route=\/wp\/v2\/pages\/580\/revisions"}],"predecessor-version":[{"id":601,"href":"https:\/\/www.greens-maps.ch\/index.php?rest_route=\/wp\/v2\/pages\/580\/revisions\/601"}],"wp:attachment":[{"href":"https:\/\/www.greens-maps.ch\/index.php?rest_route=%2Fwp%2Fv2%2Fmedia&parent=580"}],"curies":[{"name":"wp","href":"https:\/\/api.w.org\/{rel}","templated":true}]}}