{"id":559,"date":"2024-12-03T08:53:06","date_gmt":"2024-12-03T08:53:06","guid":{"rendered":"https:\/\/www.greens-maps.ch\/?page_id=559"},"modified":"2024-12-11T05:37:03","modified_gmt":"2024-12-11T05:37:03","slug":"vorteile","status":"publish","type":"page","link":"https:\/\/www.greens-maps.ch\/?page_id=559&lang=de","title":{"rendered":"Vorteile"},"content":{"rendered":"\t\t<div data-elementor-type=\"wp-page\" data-elementor-id=\"559\" class=\"elementor elementor-559 elementor-334\">\n\t\t\t\t<div class=\"elementor-element elementor-element-4de03c5 e-flex e-con-boxed e-con e-parent\" data-id=\"4de03c5\" data-element_type=\"container\">\n\t\t\t\t\t<div class=\"e-con-inner\">\n\t\t\t\t<div class=\"elementor-element elementor-element-5b33c74 elementor-widget elementor-widget-heading\" data-id=\"5b33c74\" data-element_type=\"widget\" data-widget_type=\"heading.default\">\n\t\t\t\t<div class=\"elementor-widget-container\">\n\t\t\t<h2 class=\"elementor-heading-title elementor-size-default\">Vorteile von Green-Karten f\u00fcr einen Golfclub<\/h2>\t\t<\/div>\n\t\t\t\t<\/div>\n\t\t<div class=\"elementor-element elementor-element-13cac04 e-grid e-con-full e-con e-child\" data-id=\"13cac04\" data-element_type=\"container\">\n\t\t\t\t<div class=\"elementor-element elementor-element-cb39627 elementor-widget elementor-widget-text-editor\" data-id=\"cb39627\" data-element_type=\"widget\" data-widget_type=\"text-editor.default\">\n\t\t\t\t<div class=\"elementor-widget-container\">\n\t\t\t\t\t\t\t<p><strong>Image-Aufbesserung<\/strong><\/p>\n<p style=\"font-weight: 400;\">Das Anbieten pr\u00e4ziser und innovativer Platzdokumentationen, die auf den fortschrittlichsten Technologien basieren, ist weit mehr als nur ein Service. Es zeigt ihr Engagement f\u00fcr Exzellenz und Kundenservice. <\/p>\n<p style=\"font-weight: 400;\">Durch die Integration detaillierter und modernisierter Green-Karten beweist sich Ihr Club als fortschrittliches Etablissement, das den Erwartungen der anspruchsvollsten Golferinnen und Golfer gerecht wird. Diese Dokumente, die sowohl praktisch als auch \u00e4sthetisch sind, spiegeln Ihre Verpflichtung wider, Tradition und Innovation zu vereinen und gleichzeitig den Ruf Ihres Platzes zu st\u00e4rken. <\/p>\n<p style=\"font-weight: 400;\">Diese Innovation wird nicht nur Ihrer aktuellen Mitglieder begeistern, sondern zieht auch neue Spielerinnen und Spieler an, die von der Qualit\u00e4t der angebotenen Dienstleistungen \u00fcberzeugt sind. Durch die Bereitstellung von Dokumentationen auf dem neuesten Stand der Technik positioniert sich Ihr Club als zukunftsorientiert und erstklassig in der Golfwelt, wo Spielerlebnis und Pr\u00e4zision den Unterschied ausmachen. <\/p>\n\t\t\t\t\t\t<\/div>\n\t\t\t\t<\/div>\n\t\t\t\t<div class=\"elementor-element elementor-element-efd3038 elementor-widget elementor-widget-image\" data-id=\"efd3038\" data-element_type=\"widget\" data-widget_type=\"image.default\">\n\t\t\t\t<div class=\"elementor-widget-container\">\n\t\t\t\t\t\t\t\t\t\t\t\t\t<img fetchpriority=\"high\" decoding=\"async\" width=\"800\" height=\"457\" src=\"https:\/\/www.greens-maps.ch\/wp-content\/uploads\/2024\/12\/DALL\u00b7E-2024-12-03-10.15.54-A-realistic-and-inspiring-image-illustrating-the-enhanced-branding-of-a-golf-club.-The-scene-features-a-luxurious-golf-clubhouse-prominently-visible-i-1024x585.webp\" class=\"attachment-large size-large wp-image-341\" alt=\"\" srcset=\"https:\/\/www.greens-maps.ch\/wp-content\/uploads\/2024\/12\/DALL\u00b7E-2024-12-03-10.15.54-A-realistic-and-inspiring-image-illustrating-the-enhanced-branding-of-a-golf-club.-The-scene-features-a-luxurious-golf-clubhouse-prominently-visible-i-1024x585.webp 1024w, https:\/\/www.greens-maps.ch\/wp-content\/uploads\/2024\/12\/DALL\u00b7E-2024-12-03-10.15.54-A-realistic-and-inspiring-image-illustrating-the-enhanced-branding-of-a-golf-club.-The-scene-features-a-luxurious-golf-clubhouse-prominently-visible-i-300x171.webp 300w, https:\/\/www.greens-maps.ch\/wp-content\/uploads\/2024\/12\/DALL\u00b7E-2024-12-03-10.15.54-A-realistic-and-inspiring-image-illustrating-the-enhanced-branding-of-a-golf-club.-The-scene-features-a-luxurious-golf-clubhouse-prominently-visible-i-768x439.webp 768w, https:\/\/www.greens-maps.ch\/wp-content\/uploads\/2024\/12\/DALL\u00b7E-2024-12-03-10.15.54-A-realistic-and-inspiring-image-illustrating-the-enhanced-branding-of-a-golf-club.-The-scene-features-a-luxurious-golf-clubhouse-prominently-visible-i-1536x878.webp 1536w, https:\/\/www.greens-maps.ch\/wp-content\/uploads\/2024\/12\/DALL\u00b7E-2024-12-03-10.15.54-A-realistic-and-inspiring-image-illustrating-the-enhanced-branding-of-a-golf-club.-The-scene-features-a-luxurious-golf-clubhouse-prominently-visible-i.webp 1792w\" sizes=\"(max-width: 800px) 100vw, 800px\" \/>\t\t\t\t\t\t\t\t\t\t\t\t\t<\/div>\n\t\t\t\t<\/div>\n\t\t\t\t<\/div>\n\t\t\t\t\t<\/div>\n\t\t\t\t<\/div>\n\t\t<div class=\"elementor-element elementor-element-c2dcfcd e-flex e-con-boxed e-con e-parent\" data-id=\"c2dcfcd\" data-element_type=\"container\">\n\t\t\t\t\t<div class=\"e-con-inner\">\n\t\t\t\t<div class=\"elementor-element elementor-element-d7710da elementor-widget elementor-widget-spacer\" data-id=\"d7710da\" data-element_type=\"widget\" data-widget_type=\"spacer.default\">\n\t\t\t\t<div class=\"elementor-widget-container\">\n\t\t\t\t\t<div class=\"elementor-spacer\">\n\t\t\t<div class=\"elementor-spacer-inner\"><\/div>\n\t\t<\/div>\n\t\t\t\t<\/div>\n\t\t\t\t<\/div>\n\t\t<div class=\"elementor-element elementor-element-05c1823 e-grid e-con-full e-con e-child\" data-id=\"05c1823\" data-element_type=\"container\">\n\t\t\t\t<div class=\"elementor-element elementor-element-c5bb036 elementor-widget elementor-widget-image\" data-id=\"c5bb036\" data-element_type=\"widget\" data-widget_type=\"image.default\">\n\t\t\t\t<div class=\"elementor-widget-container\">\n\t\t\t\t\t\t\t\t\t\t\t\t\t<img decoding=\"async\" width=\"800\" height=\"457\" src=\"https:\/\/www.greens-maps.ch\/wp-content\/uploads\/2024\/12\/DALL\u00b7E-2024-12-03-10.15.42-A-conceptual-illustration-showcasing-how-the-use-of-green-maps-speeds-up-gameplay-in-golf.-The-image-depicts-a-golfer-holding-a-detailed-green-map-co-1024x585.webp\" class=\"attachment-large size-large wp-image-342\" alt=\"\" srcset=\"https:\/\/www.greens-maps.ch\/wp-content\/uploads\/2024\/12\/DALL\u00b7E-2024-12-03-10.15.42-A-conceptual-illustration-showcasing-how-the-use-of-green-maps-speeds-up-gameplay-in-golf.-The-image-depicts-a-golfer-holding-a-detailed-green-map-co-1024x585.webp 1024w, https:\/\/www.greens-maps.ch\/wp-content\/uploads\/2024\/12\/DALL\u00b7E-2024-12-03-10.15.42-A-conceptual-illustration-showcasing-how-the-use-of-green-maps-speeds-up-gameplay-in-golf.-The-image-depicts-a-golfer-holding-a-detailed-green-map-co-300x171.webp 300w, https:\/\/www.greens-maps.ch\/wp-content\/uploads\/2024\/12\/DALL\u00b7E-2024-12-03-10.15.42-A-conceptual-illustration-showcasing-how-the-use-of-green-maps-speeds-up-gameplay-in-golf.-The-image-depicts-a-golfer-holding-a-detailed-green-map-co-768x439.webp 768w, https:\/\/www.greens-maps.ch\/wp-content\/uploads\/2024\/12\/DALL\u00b7E-2024-12-03-10.15.42-A-conceptual-illustration-showcasing-how-the-use-of-green-maps-speeds-up-gameplay-in-golf.-The-image-depicts-a-golfer-holding-a-detailed-green-map-co-1536x878.webp 1536w, https:\/\/www.greens-maps.ch\/wp-content\/uploads\/2024\/12\/DALL\u00b7E-2024-12-03-10.15.42-A-conceptual-illustration-showcasing-how-the-use-of-green-maps-speeds-up-gameplay-in-golf.-The-image-depicts-a-golfer-holding-a-detailed-green-map-co.webp 1792w\" sizes=\"(max-width: 800px) 100vw, 800px\" \/>\t\t\t\t\t\t\t\t\t\t\t\t\t<\/div>\n\t\t\t\t<\/div>\n\t\t\t\t<div class=\"elementor-element elementor-element-3048abc elementor-widget elementor-widget-text-editor\" data-id=\"3048abc\" data-element_type=\"widget\" data-widget_type=\"text-editor.default\">\n\t\t\t\t<div class=\"elementor-widget-container\">\n\t\t\t\t\t\t\t<p><strong>Spielzeit<\/strong><\/p>\n<p style=\"font-weight: 400;\">Mit detaillierten und pr\u00e4zisen Green-Karten verbringen Spielerinnen und Spieler weniger Zeit damit, den Green zu analysieren und Entscheidungen zu treffen. Dadurch wird das Spieltempo beschleunigt, w\u00e4hrend gleichzeitig ein entspannteres und angenehmeres Spiel f\u00fcr alle entsteht. <\/p>\n<p style=\"font-weight: 400;\">Durch das Reduzieren von Unsicherheiten gewinnt das Spiel an Fluss, was insbesondere in Clubs gesch\u00e4tzt wird, in denen das Einhalten des Spieltempos entscheidend ist. Diese Optimierung kommt allen Golfern zugute, ob im Wettbewerb oder in Freizeitspielen, und tr\u00e4gt zur besseren Verwaltung der Startzeiten auf dem Platz bei. <\/p>\n<p style=\"font-weight: 400;\">Diese gesteigerte Effizienz f\u00fchrt direkt zu einer erh\u00f6hten Zufriedenheit der Mitglieder-innen und Besucher-innen, st\u00e4rkt ihre Loyalit\u00e4t und festigt das Image Ihres Clubs als Ort, an dem die Spielerfahrung im Mittelpunkt steht.<\/p>\n\t\t\t\t\t\t<\/div>\n\t\t\t\t<\/div>\n\t\t\t\t<\/div>\n\t\t\t\t\t<\/div>\n\t\t\t\t<\/div>\n\t\t<div class=\"elementor-element elementor-element-88cdda4 e-flex e-con-boxed e-con e-parent\" data-id=\"88cdda4\" data-element_type=\"container\">\n\t\t\t\t\t<div class=\"e-con-inner\">\n\t\t\t\t<div class=\"elementor-element elementor-element-8b79ba5 elementor-widget elementor-widget-spacer\" data-id=\"8b79ba5\" data-element_type=\"widget\" data-widget_type=\"spacer.default\">\n\t\t\t\t<div class=\"elementor-widget-container\">\n\t\t\t\t\t<div class=\"elementor-spacer\">\n\t\t\t<div class=\"elementor-spacer-inner\"><\/div>\n\t\t<\/div>\n\t\t\t\t<\/div>\n\t\t\t\t<\/div>\n\t\t\t\t<div class=\"elementor-element elementor-element-ebc718c elementor-widget elementor-widget-text-editor\" data-id=\"ebc718c\" data-element_type=\"widget\" data-widget_type=\"text-editor.default\">\n\t\t\t\t<div class=\"elementor-widget-container\">\n\t\t\t\t\t\t\t<p><strong><a href=\"https:\/\/www.greens-maps.ch\/?page_id=571&#038;lang=de\">Ist das konform mit den Golfregeln?<\/a><\/strong><\/p>\n\t\t\t\t\t\t<\/div>\n\t\t\t\t<\/div>\n\t\t\t\t\t<\/div>\n\t\t\t\t<\/div>\n\t\t\t\t<\/div>\n\t\t","protected":false},"excerpt":{"rendered":"<p>Vorteile von Green-Karten f\u00fcr einen Golfclub Image-Aufbesserung Das Anbieten pr\u00e4ziser und innovativer Platzdokumentationen, die auf den fortschrittlichsten Technologien basieren, ist weit mehr als nur ein Service. Es zeigt ihr Engagement f\u00fcr Exzellenz und Kundenservice. Durch die Integration detaillierter und modernisierter Green-Karten beweist sich Ihr Club als fortschrittliches Etablissement, das den Erwartungen der anspruchsvollsten Golferinnen und [&hellip;]<\/p>\n","protected":false},"author":1,"featured_media":0,"parent":0,"menu_order":0,"comment_status":"closed","ping_status":"closed","template":"","meta":{"footnotes":""},"class_list":["post-559","page","type-page","status-publish","hentry"],"_links":{"self":[{"href":"https:\/\/www.greens-maps.ch\/index.php?rest_route=\/wp\/v2\/pages\/559","targetHints":{"allow":["GET"]}}],"collection":[{"href":"https:\/\/www.greens-maps.ch\/index.php?rest_route=\/wp\/v2\/pages"}],"about":[{"href":"https:\/\/www.greens-maps.ch\/index.php?rest_route=\/wp\/v2\/types\/page"}],"author":[{"embeddable":true,"href":"https:\/\/www.greens-maps.ch\/index.php?rest_route=\/wp\/v2\/users\/1"}],"replies":[{"embeddable":true,"href":"https:\/\/www.greens-maps.ch\/index.php?rest_route=%2Fwp%2Fv2%2Fcomments&post=559"}],"version-history":[{"count":2,"href":"https:\/\/www.greens-maps.ch\/index.php?rest_route=\/wp\/v2\/pages\/559\/revisions"}],"predecessor-version":[{"id":599,"href":"https:\/\/www.greens-maps.ch\/index.php?rest_route=\/wp\/v2\/pages\/559\/revisions\/599"}],"wp:attachment":[{"href":"https:\/\/www.greens-maps.ch\/index.php?rest_route=%2Fwp%2Fv2%2Fmedia&parent=559"}],"curies":[{"name":"wp","href":"https:\/\/api.w.org\/{rel}","templated":true}]}}