{"id":334,"date":"2024-12-03T08:53:06","date_gmt":"2024-12-03T08:53:06","guid":{"rendered":"https:\/\/www.greens-maps.ch\/?page_id=334"},"modified":"2024-12-11T05:31:37","modified_gmt":"2024-12-11T05:31:37","slug":"avantages","status":"publish","type":"page","link":"https:\/\/www.greens-maps.ch\/?page_id=334","title":{"rendered":"Avantages"},"content":{"rendered":"\t\t<div data-elementor-type=\"wp-page\" data-elementor-id=\"334\" class=\"elementor elementor-334\">\n\t\t\t\t<div class=\"elementor-element elementor-element-4de03c5 e-flex e-con-boxed e-con e-parent\" data-id=\"4de03c5\" data-element_type=\"container\">\n\t\t\t\t\t<div class=\"e-con-inner\">\n\t\t\t\t<div class=\"elementor-element elementor-element-5b33c74 elementor-widget elementor-widget-heading\" data-id=\"5b33c74\" data-element_type=\"widget\" data-widget_type=\"heading.default\">\n\t\t\t\t<div class=\"elementor-widget-container\">\n\t\t\t<h2 class=\"elementor-heading-title elementor-size-default\">avantages des cartes de green pour un club de golf<\/h2>\t\t<\/div>\n\t\t\t\t<\/div>\n\t\t<div class=\"elementor-element elementor-element-13cac04 e-grid e-con-full e-con e-child\" data-id=\"13cac04\" data-element_type=\"container\">\n\t\t\t\t<div class=\"elementor-element elementor-element-cb39627 elementor-widget elementor-widget-text-editor\" data-id=\"cb39627\" data-element_type=\"widget\" data-widget_type=\"text-editor.default\">\n\t\t\t\t<div class=\"elementor-widget-container\">\n\t\t\t\t\t\t\t<p><strong>Image de marque<\/strong><\/p><p style=\"font-weight: 400;\">Offrir \u00e0 vos membres et visiteurs une documentation de parcours pr\u00e9cise et innovante, bas\u00e9e sur les technologies les plus avanc\u00e9es, est bien plus qu\u2019un simple service. C\u2019est une d\u00e9claration de votre engagement envers l\u2019excellence et l\u2019exp\u00e9rience client.<\/p><p style=\"font-weight: 400;\">En int\u00e9grant des cartes de greens d\u00e9taill\u00e9es et modernis\u00e9es, votre club se distingue comme un \u00e9tablissement avant-gardiste, \u00e0 la hauteur des attentes des golfeurs les plus exigeants. Ces documents, \u00e0 la fois pratiques et esth\u00e9tiques, t\u00e9moignent de votre volont\u00e9 d\u2019allier tradition et innovation, tout en rehaussant la r\u00e9putation de votre parcours.<\/p><p style=\"font-weight: 400;\">Cette d\u00e9marche contribue non seulement \u00e0 fid\u00e9liser vos membres actuels, mais aussi \u00e0 attirer de nouveaux joueuses et joueurs s\u00e9duits par la qualit\u00e9 des services propos\u00e9s. En proposant une documentation \u00e0 la pointe de la technologie, votre club s\u2019affirme comme un acteur incontournable dans le monde du golf, o\u00f9 l\u2019exp\u00e9rience utilisateur et la pr\u00e9cision font toute la diff\u00e9rence.<\/p>\t\t\t\t\t\t<\/div>\n\t\t\t\t<\/div>\n\t\t\t\t<div class=\"elementor-element elementor-element-efd3038 elementor-widget elementor-widget-image\" data-id=\"efd3038\" data-element_type=\"widget\" data-widget_type=\"image.default\">\n\t\t\t\t<div class=\"elementor-widget-container\">\n\t\t\t\t\t\t\t\t\t\t\t\t\t<img fetchpriority=\"high\" decoding=\"async\" width=\"800\" height=\"457\" src=\"https:\/\/www.greens-maps.ch\/wp-content\/uploads\/2024\/12\/DALL\u00b7E-2024-12-03-10.15.54-A-realistic-and-inspiring-image-illustrating-the-enhanced-branding-of-a-golf-club.-The-scene-features-a-luxurious-golf-clubhouse-prominently-visible-i-1024x585.webp\" class=\"attachment-large size-large wp-image-341\" alt=\"\" srcset=\"https:\/\/www.greens-maps.ch\/wp-content\/uploads\/2024\/12\/DALL\u00b7E-2024-12-03-10.15.54-A-realistic-and-inspiring-image-illustrating-the-enhanced-branding-of-a-golf-club.-The-scene-features-a-luxurious-golf-clubhouse-prominently-visible-i-1024x585.webp 1024w, https:\/\/www.greens-maps.ch\/wp-content\/uploads\/2024\/12\/DALL\u00b7E-2024-12-03-10.15.54-A-realistic-and-inspiring-image-illustrating-the-enhanced-branding-of-a-golf-club.-The-scene-features-a-luxurious-golf-clubhouse-prominently-visible-i-300x171.webp 300w, https:\/\/www.greens-maps.ch\/wp-content\/uploads\/2024\/12\/DALL\u00b7E-2024-12-03-10.15.54-A-realistic-and-inspiring-image-illustrating-the-enhanced-branding-of-a-golf-club.-The-scene-features-a-luxurious-golf-clubhouse-prominently-visible-i-768x439.webp 768w, https:\/\/www.greens-maps.ch\/wp-content\/uploads\/2024\/12\/DALL\u00b7E-2024-12-03-10.15.54-A-realistic-and-inspiring-image-illustrating-the-enhanced-branding-of-a-golf-club.-The-scene-features-a-luxurious-golf-clubhouse-prominently-visible-i-1536x878.webp 1536w, https:\/\/www.greens-maps.ch\/wp-content\/uploads\/2024\/12\/DALL\u00b7E-2024-12-03-10.15.54-A-realistic-and-inspiring-image-illustrating-the-enhanced-branding-of-a-golf-club.-The-scene-features-a-luxurious-golf-clubhouse-prominently-visible-i.webp 1792w\" sizes=\"(max-width: 800px) 100vw, 800px\" \/>\t\t\t\t\t\t\t\t\t\t\t\t\t<\/div>\n\t\t\t\t<\/div>\n\t\t\t\t<\/div>\n\t\t\t\t\t<\/div>\n\t\t\t\t<\/div>\n\t\t<div class=\"elementor-element elementor-element-c2dcfcd e-flex e-con-boxed e-con e-parent\" data-id=\"c2dcfcd\" data-element_type=\"container\">\n\t\t\t\t\t<div class=\"e-con-inner\">\n\t\t\t\t<div class=\"elementor-element elementor-element-d7710da elementor-widget elementor-widget-spacer\" data-id=\"d7710da\" data-element_type=\"widget\" data-widget_type=\"spacer.default\">\n\t\t\t\t<div class=\"elementor-widget-container\">\n\t\t\t\t\t<div class=\"elementor-spacer\">\n\t\t\t<div class=\"elementor-spacer-inner\"><\/div>\n\t\t<\/div>\n\t\t\t\t<\/div>\n\t\t\t\t<\/div>\n\t\t<div class=\"elementor-element elementor-element-05c1823 e-grid e-con-full e-con e-child\" data-id=\"05c1823\" data-element_type=\"container\">\n\t\t\t\t<div class=\"elementor-element elementor-element-c5bb036 elementor-widget elementor-widget-image\" data-id=\"c5bb036\" data-element_type=\"widget\" data-widget_type=\"image.default\">\n\t\t\t\t<div class=\"elementor-widget-container\">\n\t\t\t\t\t\t\t\t\t\t\t\t\t<img decoding=\"async\" width=\"800\" height=\"457\" src=\"https:\/\/www.greens-maps.ch\/wp-content\/uploads\/2024\/12\/DALL\u00b7E-2024-12-03-10.15.42-A-conceptual-illustration-showcasing-how-the-use-of-green-maps-speeds-up-gameplay-in-golf.-The-image-depicts-a-golfer-holding-a-detailed-green-map-co-1024x585.webp\" class=\"attachment-large size-large wp-image-342\" alt=\"\" srcset=\"https:\/\/www.greens-maps.ch\/wp-content\/uploads\/2024\/12\/DALL\u00b7E-2024-12-03-10.15.42-A-conceptual-illustration-showcasing-how-the-use-of-green-maps-speeds-up-gameplay-in-golf.-The-image-depicts-a-golfer-holding-a-detailed-green-map-co-1024x585.webp 1024w, https:\/\/www.greens-maps.ch\/wp-content\/uploads\/2024\/12\/DALL\u00b7E-2024-12-03-10.15.42-A-conceptual-illustration-showcasing-how-the-use-of-green-maps-speeds-up-gameplay-in-golf.-The-image-depicts-a-golfer-holding-a-detailed-green-map-co-300x171.webp 300w, https:\/\/www.greens-maps.ch\/wp-content\/uploads\/2024\/12\/DALL\u00b7E-2024-12-03-10.15.42-A-conceptual-illustration-showcasing-how-the-use-of-green-maps-speeds-up-gameplay-in-golf.-The-image-depicts-a-golfer-holding-a-detailed-green-map-co-768x439.webp 768w, https:\/\/www.greens-maps.ch\/wp-content\/uploads\/2024\/12\/DALL\u00b7E-2024-12-03-10.15.42-A-conceptual-illustration-showcasing-how-the-use-of-green-maps-speeds-up-gameplay-in-golf.-The-image-depicts-a-golfer-holding-a-detailed-green-map-co-1536x878.webp 1536w, https:\/\/www.greens-maps.ch\/wp-content\/uploads\/2024\/12\/DALL\u00b7E-2024-12-03-10.15.42-A-conceptual-illustration-showcasing-how-the-use-of-green-maps-speeds-up-gameplay-in-golf.-The-image-depicts-a-golfer-holding-a-detailed-green-map-co.webp 1792w\" sizes=\"(max-width: 800px) 100vw, 800px\" \/>\t\t\t\t\t\t\t\t\t\t\t\t\t<\/div>\n\t\t\t\t<\/div>\n\t\t\t\t<div class=\"elementor-element elementor-element-3048abc elementor-widget elementor-widget-text-editor\" data-id=\"3048abc\" data-element_type=\"widget\" data-widget_type=\"text-editor.default\">\n\t\t\t\t<div class=\"elementor-widget-container\">\n\t\t\t\t\t\t\t<p><strong>Acc\u00e9l\u00e9ration du temps de jeu<\/strong><\/p><p style=\"font-weight: 400;\">Gr\u00e2ce \u00e0 des cartes de greens d\u00e9taill\u00e9es et pr\u00e9cises, les joueuses et joueurs passent moins de temps \u00e0 analyser et h\u00e9siter sur le green. Cela permet d\u2019acc\u00e9l\u00e9rer le rythme de jeu, tout en offrant une exp\u00e9rience plus sereine et agr\u00e9able pour tous.<\/p><p style=\"font-weight: 400;\">En r\u00e9duisant les moments d\u2019incertitude, les parties gagnent en fluidit\u00e9, ce qui est particuli\u00e8rement appr\u00e9ci\u00e9 dans les clubs o\u00f9 le respect du rythme de jeu est crucial. Cette optimisation profite \u00e0 l\u2019ensemble des golfeurs, qu\u2019ils soient en comp\u00e9tition ou en partie amicale, et contribue \u00e0 am\u00e9liorer la gestion des d\u00e9parts et des cr\u00e9neaux horaires sur le parcours.<\/p><p style=\"font-weight: 400;\">Cette efficacit\u00e9 accrue se traduit directement par une augmentation de la satisfaction des membres et visiteurs, renfor\u00e7ant ainsi leur fid\u00e9lit\u00e9 tout en consolidant l\u2019image de votre club en tant que lieu o\u00f9 l\u2019exp\u00e9rience utilisateur est une priorit\u00e9.<\/p>\t\t\t\t\t\t<\/div>\n\t\t\t\t<\/div>\n\t\t\t\t<\/div>\n\t\t\t\t\t<\/div>\n\t\t\t\t<\/div>\n\t\t<div class=\"elementor-element elementor-element-88cdda4 e-flex e-con-boxed e-con e-parent\" data-id=\"88cdda4\" data-element_type=\"container\">\n\t\t\t\t\t<div class=\"e-con-inner\">\n\t\t\t\t<div class=\"elementor-element elementor-element-8b79ba5 elementor-widget elementor-widget-spacer\" data-id=\"8b79ba5\" data-element_type=\"widget\" data-widget_type=\"spacer.default\">\n\t\t\t\t<div class=\"elementor-widget-container\">\n\t\t\t\t\t<div class=\"elementor-spacer\">\n\t\t\t<div class=\"elementor-spacer-inner\"><\/div>\n\t\t<\/div>\n\t\t\t\t<\/div>\n\t\t\t\t<\/div>\n\t\t\t\t<div class=\"elementor-element elementor-element-ebc718c elementor-widget elementor-widget-text-editor\" data-id=\"ebc718c\" data-element_type=\"widget\" data-widget_type=\"text-editor.default\">\n\t\t\t\t<div class=\"elementor-widget-container\">\n\t\t\t\t\t\t\t<p><strong><a href=\"\/?page_id=571\">Est-ce conforme aux r\u00e8gles de golf?<\/a><\/strong><\/p>\t\t\t\t\t\t<\/div>\n\t\t\t\t<\/div>\n\t\t\t\t\t<\/div>\n\t\t\t\t<\/div>\n\t\t\t\t<\/div>\n\t\t","protected":false},"excerpt":{"rendered":"<p>avantages des cartes de green pour un club de golf Image de marque Offrir \u00e0 vos membres et visiteurs une documentation de parcours pr\u00e9cise et innovante, bas\u00e9e sur les technologies les plus avanc\u00e9es, est bien plus qu\u2019un simple service. C\u2019est une d\u00e9claration de votre engagement envers l\u2019excellence et l\u2019exp\u00e9rience client. En int\u00e9grant des cartes de [&hellip;]<\/p>\n","protected":false},"author":1,"featured_media":0,"parent":0,"menu_order":0,"comment_status":"closed","ping_status":"closed","template":"","meta":{"footnotes":""},"class_list":["post-334","page","type-page","status-publish","hentry"],"_links":{"self":[{"href":"https:\/\/www.greens-maps.ch\/index.php?rest_route=\/wp\/v2\/pages\/334","targetHints":{"allow":["GET"]}}],"collection":[{"href":"https:\/\/www.greens-maps.ch\/index.php?rest_route=\/wp\/v2\/pages"}],"about":[{"href":"https:\/\/www.greens-maps.ch\/index.php?rest_route=\/wp\/v2\/types\/page"}],"author":[{"embeddable":true,"href":"https:\/\/www.greens-maps.ch\/index.php?rest_route=\/wp\/v2\/users\/1"}],"replies":[{"embeddable":true,"href":"https:\/\/www.greens-maps.ch\/index.php?rest_route=%2Fwp%2Fv2%2Fcomments&post=334"}],"version-history":[{"count":22,"href":"https:\/\/www.greens-maps.ch\/index.php?rest_route=\/wp\/v2\/pages\/334\/revisions"}],"predecessor-version":[{"id":598,"href":"https:\/\/www.greens-maps.ch\/index.php?rest_route=\/wp\/v2\/pages\/334\/revisions\/598"}],"wp:attachment":[{"href":"https:\/\/www.greens-maps.ch\/index.php?rest_route=%2Fwp%2Fv2%2Fmedia&parent=334"}],"curies":[{"name":"wp","href":"https:\/\/api.w.org\/{rel}","templated":true}]}}