{"id":234,"date":"2024-12-01T16:17:38","date_gmt":"2024-12-01T16:17:38","guid":{"rendered":"https:\/\/www.greens-maps.ch\/?page_id=234"},"modified":"2024-12-11T05:57:31","modified_gmt":"2024-12-11T05:57:31","slug":"procede","status":"publish","type":"page","link":"https:\/\/www.greens-maps.ch\/?page_id=234","title":{"rendered":"Proc\u00e9d\u00e9"},"content":{"rendered":"\t\t<div data-elementor-type=\"wp-page\" data-elementor-id=\"234\" class=\"elementor elementor-234\">\n\t\t\t\t<div class=\"elementor-element elementor-element-7e1ec59 e-flex e-con-boxed e-con e-parent\" data-id=\"7e1ec59\" data-element_type=\"container\">\n\t\t\t\t\t<div class=\"e-con-inner\">\n\t\t\t\t<div class=\"elementor-element elementor-element-94863fd elementor-widget elementor-widget-heading\" data-id=\"94863fd\" data-element_type=\"widget\" data-widget_type=\"heading.default\">\n\t\t\t\t<div class=\"elementor-widget-container\">\n\t\t\t<h2 class=\"elementor-heading-title elementor-size-default\">Comment \u00e7a fonctionne ?<\/h2>\t\t<\/div>\n\t\t\t\t<\/div>\n\t\t\t\t<div class=\"elementor-element elementor-element-600d0f4 elementor-widget elementor-widget-spacer\" data-id=\"600d0f4\" data-element_type=\"widget\" data-widget_type=\"spacer.default\">\n\t\t\t\t<div class=\"elementor-widget-container\">\n\t\t\t\t\t<div class=\"elementor-spacer\">\n\t\t\t<div class=\"elementor-spacer-inner\"><\/div>\n\t\t<\/div>\n\t\t\t\t<\/div>\n\t\t\t\t<\/div>\n\t\t\t\t\t<\/div>\n\t\t\t\t<\/div>\n\t\t<div class=\"elementor-element elementor-element-aece7bf e-flex e-con-boxed e-con e-parent\" data-id=\"aece7bf\" data-element_type=\"container\">\n\t\t\t\t\t<div class=\"e-con-inner\">\n\t\t\t\t<div class=\"elementor-element elementor-element-53ab2ce elementor-widget elementor-widget-heading\" data-id=\"53ab2ce\" data-element_type=\"widget\" data-widget_type=\"heading.default\">\n\t\t\t\t<div class=\"elementor-widget-container\">\n\t\t\t<h2 class=\"elementor-heading-title elementor-size-default\">technologie LIDAR<\/h2>\t\t<\/div>\n\t\t\t\t<\/div>\n\t\t<div class=\"elementor-element elementor-element-edcf2ac e-grid e-con-full e-con e-child\" data-id=\"edcf2ac\" data-element_type=\"container\">\n\t\t\t\t<div class=\"elementor-element elementor-element-4ec57b0 elementor-widget elementor-widget-text-editor\" data-id=\"4ec57b0\" data-element_type=\"widget\" data-widget_type=\"text-editor.default\">\n\t\t\t\t<div class=\"elementor-widget-container\">\n\t\t\t\t\t\t\t<p>Les instituts nationaux de topographie, pour la plupart, ont num\u00e9ris\u00e9 leurs territoires \u00e0 l&#8217;aide de scanners Laser. Le r\u00e9sultat donne un nuage de points informatique qui permet des applications diverses, comme dans notre cas obtenir les caract\u00e9ristiques des greens qui int\u00e9resse les joueuses et joueurs.<\/p>\t\t\t\t\t\t<\/div>\n\t\t\t\t<\/div>\n\t\t\t\t<div class=\"elementor-element elementor-element-10eaf73 elementor-widget elementor-widget-image\" data-id=\"10eaf73\" data-element_type=\"widget\" data-widget_type=\"image.default\">\n\t\t\t\t<div class=\"elementor-widget-container\">\n\t\t\t\t\t\t\t\t\t\t\t\t\t<img fetchpriority=\"high\" decoding=\"async\" width=\"800\" height=\"612\" src=\"https:\/\/www.greens-maps.ch\/wp-content\/uploads\/2024\/11\/e794cda421f5be81d6652bf492a8e9d19f6faccd6de09b06d7b12daf9231b692-e1732990661531-1024x783.png\" class=\"attachment-large size-large wp-image-84\" alt=\"\" srcset=\"https:\/\/www.greens-maps.ch\/wp-content\/uploads\/2024\/11\/e794cda421f5be81d6652bf492a8e9d19f6faccd6de09b06d7b12daf9231b692-e1732990661531-1024x783.png 1024w, https:\/\/www.greens-maps.ch\/wp-content\/uploads\/2024\/11\/e794cda421f5be81d6652bf492a8e9d19f6faccd6de09b06d7b12daf9231b692-e1732990661531-300x229.png 300w, https:\/\/www.greens-maps.ch\/wp-content\/uploads\/2024\/11\/e794cda421f5be81d6652bf492a8e9d19f6faccd6de09b06d7b12daf9231b692-e1732990661531-768x587.png 768w, https:\/\/www.greens-maps.ch\/wp-content\/uploads\/2024\/11\/e794cda421f5be81d6652bf492a8e9d19f6faccd6de09b06d7b12daf9231b692-e1732990661531.png 1323w\" sizes=\"(max-width: 800px) 100vw, 800px\" \/>\t\t\t\t\t\t\t\t\t\t\t\t\t<\/div>\n\t\t\t\t<\/div>\n\t\t\t\t<\/div>\n\t\t\t\t\t<\/div>\n\t\t\t\t<\/div>\n\t\t<div class=\"elementor-element elementor-element-4eb9cbe e-flex e-con-boxed e-con e-parent\" data-id=\"4eb9cbe\" data-element_type=\"container\">\n\t\t\t\t\t<div class=\"e-con-inner\">\n\t\t\t\t<div class=\"elementor-element elementor-element-b871515 elementor-widget elementor-widget-heading\" data-id=\"b871515\" data-element_type=\"widget\" data-widget_type=\"heading.default\">\n\t\t\t\t<div class=\"elementor-widget-container\">\n\t\t\t<h2 class=\"elementor-heading-title elementor-size-default\">Modelisation des greens<\/h2>\t\t<\/div>\n\t\t\t\t<\/div>\n\t\t<div class=\"elementor-element elementor-element-1d6bd43 e-grid e-con-full e-con e-child\" data-id=\"1d6bd43\" data-element_type=\"container\">\n\t\t\t\t<div class=\"elementor-element elementor-element-ed68edc elementor-widget elementor-widget-image\" data-id=\"ed68edc\" data-element_type=\"widget\" data-widget_type=\"image.default\">\n\t\t\t\t<div class=\"elementor-widget-container\">\n\t\t\t\t\t\t\t\t\t\t\t\t\t<img decoding=\"async\" width=\"800\" height=\"457\" src=\"https:\/\/www.greens-maps.ch\/wp-content\/uploads\/2024\/12\/DALL\u00b7E-2024-12-02-15.38.12-A-realistic-and-conceptual-image-symbolizing-a-woman-outlining-the-contour-of-a-golf-green-on-a-satellite-image-displayed-on-a-computer-screen.-The-sc-1024x585.webp\" class=\"attachment-large size-large wp-image-258\" alt=\"\" srcset=\"https:\/\/www.greens-maps.ch\/wp-content\/uploads\/2024\/12\/DALL\u00b7E-2024-12-02-15.38.12-A-realistic-and-conceptual-image-symbolizing-a-woman-outlining-the-contour-of-a-golf-green-on-a-satellite-image-displayed-on-a-computer-screen.-The-sc-1024x585.webp 1024w, https:\/\/www.greens-maps.ch\/wp-content\/uploads\/2024\/12\/DALL\u00b7E-2024-12-02-15.38.12-A-realistic-and-conceptual-image-symbolizing-a-woman-outlining-the-contour-of-a-golf-green-on-a-satellite-image-displayed-on-a-computer-screen.-The-sc-300x171.webp 300w, https:\/\/www.greens-maps.ch\/wp-content\/uploads\/2024\/12\/DALL\u00b7E-2024-12-02-15.38.12-A-realistic-and-conceptual-image-symbolizing-a-woman-outlining-the-contour-of-a-golf-green-on-a-satellite-image-displayed-on-a-computer-screen.-The-sc-768x439.webp 768w, https:\/\/www.greens-maps.ch\/wp-content\/uploads\/2024\/12\/DALL\u00b7E-2024-12-02-15.38.12-A-realistic-and-conceptual-image-symbolizing-a-woman-outlining-the-contour-of-a-golf-green-on-a-satellite-image-displayed-on-a-computer-screen.-The-sc-1536x878.webp 1536w, https:\/\/www.greens-maps.ch\/wp-content\/uploads\/2024\/12\/DALL\u00b7E-2024-12-02-15.38.12-A-realistic-and-conceptual-image-symbolizing-a-woman-outlining-the-contour-of-a-golf-green-on-a-satellite-image-displayed-on-a-computer-screen.-The-sc.webp 1792w\" sizes=\"(max-width: 800px) 100vw, 800px\" \/>\t\t\t\t\t\t\t\t\t\t\t\t\t<\/div>\n\t\t\t\t<\/div>\n\t\t\t\t<div class=\"elementor-element elementor-element-8e44c2c elementor-widget elementor-widget-text-editor\" data-id=\"8e44c2c\" data-element_type=\"widget\" data-widget_type=\"text-editor.default\">\n\t\t\t\t<div class=\"elementor-widget-container\">\n\t\t\t\t\t\t\t<p style=\"font-weight: 400;\">Gr\u00e2ce aux Syst\u00e8mes d\u2019Informations G\u00e9ographiques (SIG) combin\u00e9s \u00e0 des images a\u00e9riennes de haute pr\u00e9cision, il est possible de mod\u00e9liser avec une grande finesse les diff\u00e9rents \u00e9l\u00e9ments d\u2019un parcours de golf. Cette approche permet d\u2019exploiter pleinement les donn\u00e9es issues de la technologie LIDAR (Light Detection and Ranging), qui offre une cartographie tridimensionnelle d\u2019une pr\u00e9cision remarquable.<\/p><p style=\"font-weight: 400;\">Les SIG permettent d\u2019int\u00e9grer, de visualiser et d\u2019analyser ces donn\u00e9es complexes pour en extraire des informations essentielles. Par exemple, les reliefs, les pentes, et les subtilit\u00e9s des greens peuvent \u00eatre reconstitu\u00e9s avec une exactitude impressionnante. Ces mod\u00e8les num\u00e9riques offrent ainsi des possibilit\u00e9s d\u2019application vari\u00e9es, allant de la gestion des infrastructures du parcours \u00e0 l\u2019optimisation des cartes pour les joueuses et joueurs.<\/p><p style=\"font-weight: 400;\">En combinant les donn\u00e9es LIDAR \u00e0 des outils SIG, on dispose d\u2019une solution moderne et efficace pour valoriser les parcours de golf, qu\u2019il s\u2019agisse de les repr\u00e9senter graphiquement ou d\u2019en analyser les caract\u00e9ristiques strat\u00e9giques pour enrichir l\u2019exp\u00e9rience des golfeurs.<\/p>\t\t\t\t\t\t<\/div>\n\t\t\t\t<\/div>\n\t\t\t\t<\/div>\n\t\t\t\t<div class=\"elementor-element elementor-element-7b1315e elementor-widget elementor-widget-heading\" data-id=\"7b1315e\" data-element_type=\"widget\" data-widget_type=\"heading.default\">\n\t\t\t\t<div class=\"elementor-widget-container\">\n\t\t\t<h2 class=\"elementor-heading-title elementor-size-default\">Traitement des donn\u00e9es<\/h2>\t\t<\/div>\n\t\t\t\t<\/div>\n\t\t<div class=\"elementor-element elementor-element-d8817a0 e-grid e-con-full e-con e-child\" data-id=\"d8817a0\" data-element_type=\"container\">\n\t\t\t\t<div class=\"elementor-element elementor-element-2ee8975 elementor-widget elementor-widget-text-editor\" data-id=\"2ee8975\" data-element_type=\"widget\" data-widget_type=\"text-editor.default\">\n\t\t\t\t<div class=\"elementor-widget-container\">\n\t\t\t\t\t\t\t<p style=\"font-weight: 400;\">En utilisant divers algorithmes informatiques avanc\u00e9s, il devient possible de transformer les donn\u00e9es brutes en couches g\u00e9ospatiales pr\u00e9cises, chacune repr\u00e9sentant des caract\u00e9ristiques sp\u00e9cifiques du terrain. Ces couches peuvent inclure des \u00e9l\u00e9ments tels que les reliefs, les pentes, les lignes de niveau ou encore les directions de drainage.<\/p><p style=\"font-weight: 400;\">Cette approche permet de produire des cartes de greens d\u2019une pr\u00e9cision exceptionnelle, bas\u00e9es sur des donn\u00e9es fiables et scientifiquement valid\u00e9es. Contrairement aux m\u00e9thodes traditionnelles, ces algorithmes exploitent des volumes importants de donn\u00e9es g\u00e9ospatiales pour g\u00e9n\u00e9rer des repr\u00e9sentations d\u00e9taill\u00e9es, \u00e9liminant ainsi les approximations et garantissant une exactitude optimale.<\/p><p style=\"font-weight: 400;\">Ces cartes, construites sur des bases solides, offrent aux golfeurs une vision claire et exploitable des subtilit\u00e9s du terrain, transformant ainsi leur exp\u00e9rience de jeu. Elles constituent \u00e9galement un outil strat\u00e9gique pour les gestionnaires de parcours, qui peuvent s\u2019appuyer sur ces donn\u00e9es pour valoriser leurs infrastructures et se positionner comme des r\u00e9f\u00e9rences en termes de qualit\u00e9 et de modernit\u00e9.<\/p>\t\t\t\t\t\t<\/div>\n\t\t\t\t<\/div>\n\t\t\t\t<div class=\"elementor-element elementor-element-201b365 elementor-widget elementor-widget-image\" data-id=\"201b365\" data-element_type=\"widget\" data-widget_type=\"image.default\">\n\t\t\t\t<div class=\"elementor-widget-container\">\n\t\t\t\t\t\t\t\t\t\t\t\t\t<img decoding=\"async\" width=\"800\" height=\"457\" src=\"https:\/\/www.greens-maps.ch\/wp-content\/uploads\/2024\/12\/DALL\u00b7E-2024-12-02-15.37.57-A-conceptual-and-visually-striking-image-symbolizing-the-processing-of-LIDAR-and-geographic-data-to-create-a-detailed-map-of-a-golf-green.-The-scene-i-1024x585.webp\" class=\"attachment-large size-large wp-image-260\" alt=\"\" srcset=\"https:\/\/www.greens-maps.ch\/wp-content\/uploads\/2024\/12\/DALL\u00b7E-2024-12-02-15.37.57-A-conceptual-and-visually-striking-image-symbolizing-the-processing-of-LIDAR-and-geographic-data-to-create-a-detailed-map-of-a-golf-green.-The-scene-i-1024x585.webp 1024w, https:\/\/www.greens-maps.ch\/wp-content\/uploads\/2024\/12\/DALL\u00b7E-2024-12-02-15.37.57-A-conceptual-and-visually-striking-image-symbolizing-the-processing-of-LIDAR-and-geographic-data-to-create-a-detailed-map-of-a-golf-green.-The-scene-i-300x171.webp 300w, https:\/\/www.greens-maps.ch\/wp-content\/uploads\/2024\/12\/DALL\u00b7E-2024-12-02-15.37.57-A-conceptual-and-visually-striking-image-symbolizing-the-processing-of-LIDAR-and-geographic-data-to-create-a-detailed-map-of-a-golf-green.-The-scene-i-768x439.webp 768w, https:\/\/www.greens-maps.ch\/wp-content\/uploads\/2024\/12\/DALL\u00b7E-2024-12-02-15.37.57-A-conceptual-and-visually-striking-image-symbolizing-the-processing-of-LIDAR-and-geographic-data-to-create-a-detailed-map-of-a-golf-green.-The-scene-i-1536x878.webp 1536w, https:\/\/www.greens-maps.ch\/wp-content\/uploads\/2024\/12\/DALL\u00b7E-2024-12-02-15.37.57-A-conceptual-and-visually-striking-image-symbolizing-the-processing-of-LIDAR-and-geographic-data-to-create-a-detailed-map-of-a-golf-green.-The-scene-i.webp 1792w\" sizes=\"(max-width: 800px) 100vw, 800px\" \/>\t\t\t\t\t\t\t\t\t\t\t\t\t<\/div>\n\t\t\t\t<\/div>\n\t\t\t\t<\/div>\n\t\t\t\t\t<\/div>\n\t\t\t\t<\/div>\n\t\t<div class=\"elementor-element elementor-element-3015b18 e-flex e-con-boxed e-con e-parent\" data-id=\"3015b18\" data-element_type=\"container\">\n\t\t\t\t\t<div class=\"e-con-inner\">\n\t\t\t\t<div class=\"elementor-element elementor-element-10074d1 elementor-widget elementor-widget-heading\" data-id=\"10074d1\" data-element_type=\"widget\" data-widget_type=\"heading.default\">\n\t\t\t\t<div class=\"elementor-widget-container\">\n\t\t\t<h2 class=\"elementor-heading-title elementor-size-default\">Le r\u00e9sultat<\/h2>\t\t<\/div>\n\t\t\t\t<\/div>\n\t\t<div class=\"elementor-element elementor-element-b2be721 e-grid e-con-full e-con e-child\" data-id=\"b2be721\" data-element_type=\"container\">\n\t\t\t\t<div class=\"elementor-element elementor-element-e110dcc elementor-widget elementor-widget-text-editor\" data-id=\"e110dcc\" data-element_type=\"widget\" data-widget_type=\"text-editor.default\">\n\t\t\t\t<div class=\"elementor-widget-container\">\n\t\t\t\t\t\t\t<p>Le green est repr\u00e9sent\u00e9 par 3 couches &#8220;empilables&#8221;:<\/p><ul><li>Relief<\/li><li>Lignes de niveau<\/li><li>Direction des pentes<\/li><\/ul><div>Chacune des couches est personnalisable en termes de couleurs, \u00e9paisseur de traits et densit\u00e9 d&#8217;informations.<\/div>\t\t\t\t\t\t<\/div>\n\t\t\t\t<\/div>\n\t\t\t\t<div class=\"elementor-element elementor-element-e78c256 elementor-widget elementor-widget-image-carousel\" data-id=\"e78c256\" data-element_type=\"widget\" data-settings=\"{&quot;slides_to_show&quot;:&quot;1&quot;,&quot;navigation&quot;:&quot;none&quot;,&quot;autoplay_speed&quot;:2000,&quot;speed&quot;:250,&quot;autoplay&quot;:&quot;yes&quot;,&quot;pause_on_hover&quot;:&quot;yes&quot;,&quot;pause_on_interaction&quot;:&quot;yes&quot;,&quot;infinite&quot;:&quot;yes&quot;,&quot;effect&quot;:&quot;slide&quot;}\" data-widget_type=\"image-carousel.default\">\n\t\t\t\t<div class=\"elementor-widget-container\">\n\t\t\t\t\t<div class=\"elementor-image-carousel-wrapper swiper\" dir=\"ltr\">\n\t\t\t<div class=\"elementor-image-carousel swiper-wrapper\" aria-live=\"off\">\n\t\t\t\t\t\t\t\t<div class=\"swiper-slide\" role=\"group\" aria-roledescription=\"slide\" aria-label=\"1 of 4\"><figure class=\"swiper-slide-inner\"><img decoding=\"async\" class=\"swiper-slide-image\" src=\"https:\/\/www.greens-maps.ch\/wp-content\/uploads\/2024\/12\/g_15_relief-e1733033873477-265x300.png\" alt=\"Relief de green\" \/><\/figure><\/div><div class=\"swiper-slide\" role=\"group\" aria-roledescription=\"slide\" aria-label=\"2 of 4\"><figure class=\"swiper-slide-inner\"><img decoding=\"async\" class=\"swiper-slide-image\" src=\"https:\/\/www.greens-maps.ch\/wp-content\/uploads\/2024\/12\/g_15_isolines-e1733033910200-269x300.png\" alt=\"Lignes de niveau\" \/><\/figure><\/div><div class=\"swiper-slide\" role=\"group\" aria-roledescription=\"slide\" aria-label=\"3 of 4\"><figure class=\"swiper-slide-inner\"><img decoding=\"async\" class=\"swiper-slide-image\" src=\"https:\/\/www.greens-maps.ch\/wp-content\/uploads\/2024\/12\/g_15_arrowsslope-e1733033941598-266x300.png\" alt=\"Fl\u00e8ches de pente\" \/><\/figure><\/div><div class=\"swiper-slide\" role=\"group\" aria-roledescription=\"slide\" aria-label=\"4 of 4\"><figure class=\"swiper-slide-inner\"><img decoding=\"async\" class=\"swiper-slide-image\" src=\"https:\/\/www.greens-maps.ch\/wp-content\/uploads\/2024\/12\/g_15_without_ortho-e1733033828824-267x300.png\" alt=\"Carte compl\u00e8te\" \/><\/figure><\/div>\t\t\t<\/div>\n\t\t\t\t\t\t\t\n\t\t\t\t\t\t\t\t\t<\/div>\n\t\t\t\t<\/div>\n\t\t\t\t<\/div>\n\t\t\t\t<\/div>\n\t\t\t\t\t<\/div>\n\t\t\t\t<\/div>\n\t\t<div class=\"elementor-element elementor-element-a8ae361 e-flex e-con-boxed e-con e-parent\" data-id=\"a8ae361\" data-element_type=\"container\">\n\t\t\t\t\t<div class=\"e-con-inner\">\n\t\t\t\t<div class=\"elementor-element elementor-element-aa588ad elementor-widget elementor-widget-spacer\" data-id=\"aa588ad\" data-element_type=\"widget\" data-widget_type=\"spacer.default\">\n\t\t\t\t<div class=\"elementor-widget-container\">\n\t\t\t\t\t<div class=\"elementor-spacer\">\n\t\t\t<div class=\"elementor-spacer-inner\"><\/div>\n\t\t<\/div>\n\t\t\t\t<\/div>\n\t\t\t\t<\/div>\n\t\t\t\t<div class=\"elementor-element elementor-element-bb07f39 elementor-widget elementor-widget-text-editor\" data-id=\"bb07f39\" data-element_type=\"widget\" data-widget_type=\"text-editor.default\">\n\t\t\t\t<div class=\"elementor-widget-container\">\n\t\t\t\t\t\t\t<p><a href=\"\/?page_id=294\"><strong>Comment disposer des cartes pour mon club de golf?<\/strong><\/a><\/p>\t\t\t\t\t\t<\/div>\n\t\t\t\t<\/div>\n\t\t\t\t<div class=\"elementor-element elementor-element-4eaa5dd elementor-widget elementor-widget-heading\" data-id=\"4eaa5dd\" data-element_type=\"widget\" data-widget_type=\"heading.default\">\n\t\t\t\t<div class=\"elementor-widget-container\">\n\t\t\t<h2 class=\"elementor-heading-title elementor-size-default\">La carte produite peut \u00eatre r\u00e9int\u00e9gr\u00e9e sur les images a\u00e9riennes<\/h2>\t\t<\/div>\n\t\t\t\t<\/div>\n\t\t\t\t<div class=\"elementor-element elementor-element-63aa643 elementor-widget elementor-widget-image\" data-id=\"63aa643\" data-element_type=\"widget\" data-widget_type=\"image.default\">\n\t\t\t\t<div class=\"elementor-widget-container\">\n\t\t\t\t\t\t\t\t\t\t\t\t\t<img loading=\"lazy\" decoding=\"async\" width=\"800\" height=\"897\" src=\"https:\/\/www.greens-maps.ch\/wp-content\/uploads\/2024\/12\/Sans-titre-913x1024.png\" class=\"attachment-large size-large wp-image-114\" alt=\"\" srcset=\"https:\/\/www.greens-maps.ch\/wp-content\/uploads\/2024\/12\/Sans-titre-913x1024.png 913w, https:\/\/www.greens-maps.ch\/wp-content\/uploads\/2024\/12\/Sans-titre-268x300.png 268w, https:\/\/www.greens-maps.ch\/wp-content\/uploads\/2024\/12\/Sans-titre-768x861.png 768w, https:\/\/www.greens-maps.ch\/wp-content\/uploads\/2024\/12\/Sans-titre.png 966w\" sizes=\"(max-width: 800px) 100vw, 800px\" \/>\t\t\t\t\t\t\t\t\t\t\t\t\t<\/div>\n\t\t\t\t<\/div>\n\t\t\t\t\t<\/div>\n\t\t\t\t<\/div>\n\t\t\t\t<\/div>\n\t\t","protected":false},"excerpt":{"rendered":"<p>Comment \u00e7a fonctionne ? technologie LIDAR Les instituts nationaux de topographie, pour la plupart, ont num\u00e9ris\u00e9 leurs territoires \u00e0 l&#8217;aide de scanners Laser. Le r\u00e9sultat donne un nuage de points informatique qui permet des applications diverses, comme dans notre cas obtenir les caract\u00e9ristiques des greens qui int\u00e9resse les joueuses et joueurs. Modelisation des greens Gr\u00e2ce [&hellip;]<\/p>\n","protected":false},"author":1,"featured_media":0,"parent":0,"menu_order":0,"comment_status":"closed","ping_status":"closed","template":"","meta":{"footnotes":""},"class_list":["post-234","page","type-page","status-publish","hentry"],"_links":{"self":[{"href":"https:\/\/www.greens-maps.ch\/index.php?rest_route=\/wp\/v2\/pages\/234","targetHints":{"allow":["GET"]}}],"collection":[{"href":"https:\/\/www.greens-maps.ch\/index.php?rest_route=\/wp\/v2\/pages"}],"about":[{"href":"https:\/\/www.greens-maps.ch\/index.php?rest_route=\/wp\/v2\/types\/page"}],"author":[{"embeddable":true,"href":"https:\/\/www.greens-maps.ch\/index.php?rest_route=\/wp\/v2\/users\/1"}],"replies":[{"embeddable":true,"href":"https:\/\/www.greens-maps.ch\/index.php?rest_route=%2Fwp%2Fv2%2Fcomments&post=234"}],"version-history":[{"count":61,"href":"https:\/\/www.greens-maps.ch\/index.php?rest_route=\/wp\/v2\/pages\/234\/revisions"}],"predecessor-version":[{"id":609,"href":"https:\/\/www.greens-maps.ch\/index.php?rest_route=\/wp\/v2\/pages\/234\/revisions\/609"}],"wp:attachment":[{"href":"https:\/\/www.greens-maps.ch\/index.php?rest_route=%2Fwp%2Fv2%2Fmedia&parent=234"}],"curies":[{"name":"wp","href":"https:\/\/api.w.org\/{rel}","templated":true}]}}